{"id":12894,"date":"2024-02-13T11:38:38","date_gmt":"2024-02-13T11:38:38","guid":{"rendered":"https:\/\/dgpe.gouv.ci\/fr\/?page_id=12894"},"modified":"2024-02-13T11:56:52","modified_gmt":"2024-02-13T11:56:52","slug":"archives-news-2022","status":"publish","type":"page","link":"https:\/\/dgpe.gouv.ci\/fr\/archives-news\/archives-news-2022\/","title":{"rendered":"Archives News 2022"},"content":{"rendered":"\t\t<div data-elementor-type=\"wp-page\" data-elementor-id=\"12894\" class=\"elementor elementor-12894\" data-elementor-post-type=\"page\">\n\t\t\t\t\t\t<section data-exad-particle-enable=\"false\" class=\"elementor-section elementor-top-section elementor-element elementor-element-37ba6502 elementor-section-boxed elementor-section-height-default elementor-section-height-default exad-parallax-effect-no exad-background-color-change-no exad-glass-effect-no exad-sticky-section-no\" data-id=\"37ba6502\" data-element_type=\"section\" data-e-type=\"section\">\n\t\t\t\t\t\t<div class=\"elementor-container elementor-column-gap-default\">\n\t\t\t\t\t<div class=\"elementor-column elementor-col-100 elementor-top-column elementor-element elementor-element-3ca44c5c exad-glass-effect-no exad-sticky-section-no\" data-id=\"3ca44c5c\" data-element_type=\"column\" data-e-type=\"column\">\n\t\t\t<div class=\"elementor-widget-wrap\">\n\t\t\t\t\t\t\t<\/div>\n\t\t<\/div>\n\t\t\t\t\t<\/div>\n\t\t<\/section>\n\t\t\t\t<section data-exad-particle-enable=\"false\" class=\"elementor-section elementor-top-section elementor-element elementor-element-5bdf0f2 elementor-section-boxed elementor-section-height-default elementor-section-height-default exad-parallax-effect-no exad-background-color-change-no exad-glass-effect-no exad-sticky-section-no\" data-id=\"5bdf0f2\" data-element_type=\"section\" data-e-type=\"section\">\n\t\t\t\t\t\t<div class=\"elementor-container elementor-column-gap-default\">\n\t\t\t\t\t<div class=\"elementor-column elementor-col-100 elementor-top-column elementor-element elementor-element-74f9c5e exad-glass-effect-no exad-sticky-section-no\" data-id=\"74f9c5e\" data-element_type=\"column\" data-e-type=\"column\">\n\t\t\t<div class=\"elementor-widget-wrap elementor-element-populated\">\n\t\t\t\t\t\t<div class=\"elementor-element elementor-element-2f7c5fa elementor-grid-3 elementor-grid-tablet-2 elementor-grid-mobile-1 exad-sticky-section-no exad-glass-effect-no elementor-widget elementor-widget-gyan_post_grid\" data-id=\"2f7c5fa\" data-element_type=\"widget\" data-e-type=\"widget\" data-settings=\"{&quot;columns&quot;:&quot;3&quot;,&quot;columns_tablet&quot;:&quot;2&quot;,&quot;columns_mobile&quot;:&quot;1&quot;}\" data-widget_type=\"gyan_post_grid.default\">\n\t\t\t\t<div class=\"elementor-widget-container\">\n\t\t\t\t\t        <div class=\"gyan-post-grid-container gyan-post-grid-s1 gyan-post-grid-container-2f7c5fa\" data-layout=\"grid\" data-rtl=\"false\">\n\n            \n            <div class=\"gyan-post-grid gyan-elementor-grid\">\n                \n<div class=\"gyan-post-grid-item gyan-grid-item-wrap cat-148 cat-24\">\n    <div class=\"gyan-post-grid-item-inner gyan-grid-item\">\n\n        <div class=\"gyan-post-grid-item-holder gyan-ease-transition \">\n\n            \n                <div class=\"gyan-post-image\">\n\n                    <div class=\"gyan-post-grid-format\"><a href=\"https:\/\/dgpe.gouv.ci\/fr\/presentation-des-prix-de-la-4eme-edition-de-la-caidp-decernes-au-ministere-du-budget-et-du-portefeuille-de-letat\/\" class=\"gyan-post-grid-image gyan-ease-transition\"><img decoding=\"async\" class=\"gyan-ease-transition\" src=\"https:\/\/dgpe.gouv.ci\/fr\/wp-content\/uploads\/2023\/02\/IMG_7964-500x344.jpg\" alt=\"\" \/><\/a><div class=\"gyan-post-grid-meta gyan-ease-transition\">\n        <ul><li><span class=\"gyan-postmeta-icon\"><i class=\"fas fa-eye\"><\/i><\/span><span class=\"gyan-postmeta-text\">286<\/span><\/li><\/ul>\n    <\/div>\n    <div class=\"clear\"><\/div>                    <\/div>\n                <\/div>\n\n            \n            <div class=\"gyan-post-content-block gyan-ease-transition\">\n                <div class=\"gyan-post-title-section\">\n\n                        <div class=\"gyan-post-grid-content\">\n\n                            <div class=\"gyan-post-title\">\n                                <h2><a href=\"https:\/\/dgpe.gouv.ci\/fr\/presentation-des-prix-de-la-4eme-edition-de-la-caidp-decernes-au-ministere-du-budget-et-du-portefeuille-de-letat\/\">Pr\u00e9sentation des prix de la 4i\u00e8me Edition de la CAIDP d\u00e9cern\u00e9s au Ministre du Budget et du                                <\/a><\/h2>\n                            <\/div>\n\n                            \n                            \n                                <div class=\"gyan-post-list-excerpt\">\n                                    La salle de c\u00e9r\u00e9monie du 20\u00e8me \u00e9tage de l\u2019immeuble SCIAM a accueilli, le jeudi 10 octobre                                <\/div>\n\n                            \n                            <div class=\"gyan-post-grid-c-button gyan-ease-transition\">\n                                <a href=\"https:\/\/dgpe.gouv.ci\/fr\/presentation-des-prix-de-la-4eme-edition-de-la-caidp-decernes-au-ministere-du-budget-et-du-portefeuille-de-letat\/\"><span><\/span><\/a>\n                            <\/div>\n\n                                                            <div class=\"gyan-post-grid-date\">\n                                    <span>octobre 10, 2022<\/span>\n                                <\/div>\n                            \n                            <div class=\"clear\"><\/div>\n\n                        <\/div>\n\n                <\/div>\n                <div class=\"clear\"><\/div>\n            <\/div>\n            <div class=\"clear\"><\/div>\n        <\/div>\n\n    <\/div> <!-- gyan-post-grid-item-inner -->\n<\/div> <!-- gyan-post-grid-item -->\n\n<div class=\"clear\"><\/div>\n<div class=\"gyan-post-grid-item gyan-grid-item-wrap cat-148 cat-24\">\n    <div class=\"gyan-post-grid-item-inner gyan-grid-item\">\n\n        <div class=\"gyan-post-grid-item-holder gyan-ease-transition \">\n\n            \n                <div class=\"gyan-post-image\">\n\n                    <div class=\"gyan-post-grid-format\"><a href=\"https:\/\/dgpe.gouv.ci\/fr\/cooperation-sud-sud-visite-detudes-de-la-republique-du-niger-a-la-dgpe\/\" class=\"gyan-post-grid-image gyan-ease-transition\"><img decoding=\"async\" class=\"gyan-ease-transition\" src=\"https:\/\/dgpe.gouv.ci\/fr\/wp-content\/uploads\/2023\/01\/Photo-Niger-500x344.jpg\" alt=\"\" \/><\/a><div class=\"gyan-post-grid-meta gyan-ease-transition\">\n        <ul><li><span class=\"gyan-postmeta-icon\"><i class=\"fas fa-eye\"><\/i><\/span><span class=\"gyan-postmeta-text\">285<\/span><\/li><\/ul>\n    <\/div>\n    <div class=\"clear\"><\/div>                    <\/div>\n                <\/div>\n\n            \n            <div class=\"gyan-post-content-block gyan-ease-transition\">\n                <div class=\"gyan-post-title-section\">\n\n                        <div class=\"gyan-post-grid-content\">\n\n                            <div class=\"gyan-post-title\">\n                                <h2><a href=\"https:\/\/dgpe.gouv.ci\/fr\/cooperation-sud-sud-visite-detudes-de-la-republique-du-niger-a-la-dgpe\/\">Coop\u00e9ration Sud-Sud : Visite d\u2019Etudes de la R\u00e9publique du Niger \u00e0 la DGPE                                <\/a><\/h2>\n                            <\/div>\n\n                            \n                            \n                                <div class=\"gyan-post-list-excerpt\">\n                                    Une d\u00e9l\u00e9gation du Minist\u00e8re des Finances de la R\u00e9publique du Niger a \u00e9t\u00e9 re\u00e7ue le lundi 05                                <\/div>\n\n                            \n                            <div class=\"gyan-post-grid-c-button gyan-ease-transition\">\n                                <a href=\"https:\/\/dgpe.gouv.ci\/fr\/cooperation-sud-sud-visite-detudes-de-la-republique-du-niger-a-la-dgpe\/\"><span><\/span><\/a>\n                            <\/div>\n\n                                                            <div class=\"gyan-post-grid-date\">\n                                    <span>d\u00e9cembre 10, 2022<\/span>\n                                <\/div>\n                            \n                            <div class=\"clear\"><\/div>\n\n                        <\/div>\n\n                <\/div>\n                <div class=\"clear\"><\/div>\n            <\/div>\n            <div class=\"clear\"><\/div>\n        <\/div>\n\n    <\/div> <!-- gyan-post-grid-item-inner -->\n<\/div> <!-- gyan-post-grid-item -->\n\n<div class=\"clear\"><\/div>\n<div class=\"gyan-post-grid-item gyan-grid-item-wrap cat-148 cat-24\">\n    <div class=\"gyan-post-grid-item-inner gyan-grid-item\">\n\n        <div class=\"gyan-post-grid-item-holder gyan-ease-transition \">\n\n            \n                <div class=\"gyan-post-image\">\n\n                    <div class=\"gyan-post-grid-format\"><a href=\"https:\/\/dgpe.gouv.ci\/fr\/pose-de-la-premiere-pierre-du-siege-de-la-dgpe\/\" class=\"gyan-post-grid-image gyan-ease-transition\"><img decoding=\"async\" class=\"gyan-ease-transition\" src=\"https:\/\/dgpe.gouv.ci\/fr\/wp-content\/uploads\/2023\/01\/PHOTO-POSE-500x344.jpg\" alt=\"\" \/><\/a><div class=\"gyan-post-grid-meta gyan-ease-transition\">\n        <ul><li><span class=\"gyan-postmeta-icon\"><i class=\"fas fa-eye\"><\/i><\/span><span class=\"gyan-postmeta-text\">303<\/span><\/li><\/ul>\n    <\/div>\n    <div class=\"clear\"><\/div>                    <\/div>\n                <\/div>\n\n            \n            <div class=\"gyan-post-content-block gyan-ease-transition\">\n                <div class=\"gyan-post-title-section\">\n\n                        <div class=\"gyan-post-grid-content\">\n\n                            <div class=\"gyan-post-title\">\n                                <h2><a href=\"https:\/\/dgpe.gouv.ci\/fr\/pose-de-la-premiere-pierre-du-siege-de-la-dgpe\/\">Pose de la Premi\u00e8re Pierre du si\u00e8ge de la DGPE                                <\/a><\/h2>\n                            <\/div>\n\n                            \n                            \n                                <div class=\"gyan-post-list-excerpt\">\n                                    Un Si\u00e8ge Moderne situ\u00e9 au de commune des Affaires Abidjanaise Le vendredi 23 d\u00e9cembre 2022, le                                <\/div>\n\n                            \n                            <div class=\"gyan-post-grid-c-button gyan-ease-transition\">\n                                <a href=\"https:\/\/dgpe.gouv.ci\/fr\/pose-de-la-premiere-pierre-du-siege-de-la-dgpe\/\"><span><\/span><\/a>\n                            <\/div>\n\n                                                            <div class=\"gyan-post-grid-date\">\n                                    <span>d\u00e9cembre 22, 2022<\/span>\n                                <\/div>\n                            \n                            <div class=\"clear\"><\/div>\n\n                        <\/div>\n\n                <\/div>\n                <div class=\"clear\"><\/div>\n            <\/div>\n            <div class=\"clear\"><\/div>\n        <\/div>\n\n    <\/div> <!-- gyan-post-grid-item-inner -->\n<\/div> <!-- gyan-post-grid-item -->\n\n<div class=\"clear\"><\/div>            <\/div><div class=\"clear\"><\/div>\n        <\/div>\n\n                      <div class=\"gyan-pagination-holder\"><\/div>\n        \n        \t\t\t\t<\/div>\n\t\t\t\t<\/div>\n\t\t\t\t\t<\/div>\n\t\t<\/div>\n\t\t\t\t\t<\/div>\n\t\t<\/section>\n\t\t\t\t<\/div>\n\t\t","protected":false},"excerpt":{"rendered":"<p>156 Pr\u00e9sentation des prix de la 4i\u00e8me Edition de la CAIDP d\u00e9cern\u00e9s au Ministre du Budget et du La salle de c\u00e9r\u00e9monie du 20\u00e8me \u00e9tage de l\u2019immeuble SCIAM a accueilli, le jeudi 10 octobre octobre 10, 2022 169 Coop\u00e9ration Sud-Sud : Visite d\u2019Etudes de la R\u00e9publique du Niger \u00e0 la [&hellip;]<\/p>\n","protected":false},"author":1,"featured_media":0,"parent":12838,"menu_order":0,"comment_status":"closed","ping_status":"closed","template":"elementor_header_footer","meta":{"footnotes":""},"class_list":["post-12894","page","type-page","status-publish","hentry"],"_links":{"self":[{"href":"https:\/\/dgpe.gouv.ci\/fr\/wp-json\/wp\/v2\/pages\/12894","targetHints":{"allow":["GET"]}}],"collection":[{"href":"https:\/\/dgpe.gouv.ci\/fr\/wp-json\/wp\/v2\/pages"}],"about":[{"href":"https:\/\/dgpe.gouv.ci\/fr\/wp-json\/wp\/v2\/types\/page"}],"author":[{"embeddable":true,"href":"https:\/\/dgpe.gouv.ci\/fr\/wp-json\/wp\/v2\/users\/1"}],"replies":[{"embeddable":true,"href":"https:\/\/dgpe.gouv.ci\/fr\/wp-json\/wp\/v2\/comments?post=12894"}],"version-history":[{"count":0,"href":"https:\/\/dgpe.gouv.ci\/fr\/wp-json\/wp\/v2\/pages\/12894\/revisions"}],"up":[{"embeddable":true,"href":"https:\/\/dgpe.gouv.ci\/fr\/wp-json\/wp\/v2\/pages\/12838"}],"wp:attachment":[{"href":"https:\/\/dgpe.gouv.ci\/fr\/wp-json\/wp\/v2\/media?parent=12894"}],"curies":[{"name":"wp","href":"https:\/\/api.w.org\/{rel}","templated":true}]}}