{"id":16820,"date":"2026-03-17T12:42:17","date_gmt":"2026-03-17T12:42:17","guid":{"rendered":"https:\/\/dgpe.gouv.ci\/fr\/?page_id=16820"},"modified":"2026-03-17T12:44:50","modified_gmt":"2026-03-17T12:44:50","slug":"archives-news-2026","status":"publish","type":"page","link":"https:\/\/dgpe.gouv.ci\/fr\/archives-news\/archives-news-2026\/","title":{"rendered":"Archives News 2026"},"content":{"rendered":"\t\t<div data-elementor-type=\"wp-page\" data-elementor-id=\"16820\" class=\"elementor elementor-16820\" data-elementor-post-type=\"page\">\n\t\t\t\t\t\t<section data-exad-particle-enable=\"false\" class=\"elementor-section elementor-top-section elementor-element elementor-element-c10e104 elementor-section-boxed elementor-section-height-default elementor-section-height-default exad-parallax-effect-no exad-background-color-change-no exad-glass-effect-no exad-sticky-section-no\" data-id=\"c10e104\" data-element_type=\"section\" data-e-type=\"section\">\n\t\t\t\t\t\t<div class=\"elementor-container elementor-column-gap-default\">\n\t\t\t\t\t<div class=\"elementor-column elementor-col-100 elementor-top-column elementor-element elementor-element-02e1207 exad-glass-effect-no exad-sticky-section-no\" data-id=\"02e1207\" data-element_type=\"column\" data-e-type=\"column\">\n\t\t\t<div class=\"elementor-widget-wrap elementor-element-populated\">\n\t\t\t\t\t\t<div class=\"elementor-element elementor-element-1fd45a9 elementor-grid-3 elementor-grid-tablet-2 elementor-grid-mobile-1 exad-sticky-section-no exad-glass-effect-no elementor-widget elementor-widget-gyan_post_grid\" data-id=\"1fd45a9\" data-element_type=\"widget\" data-e-type=\"widget\" data-settings=\"{&quot;columns&quot;:&quot;3&quot;,&quot;columns_tablet&quot;:&quot;2&quot;,&quot;columns_mobile&quot;:&quot;1&quot;}\" data-widget_type=\"gyan_post_grid.default\">\n\t\t\t\t<div class=\"elementor-widget-container\">\n\t\t\t\t\t        <div class=\"gyan-post-grid-container gyan-post-grid-s1 gyan-post-grid-container-1fd45a9\" data-layout=\"grid\" data-rtl=\"false\">\n\n            \n            <div class=\"gyan-post-grid gyan-elementor-grid\">\n                \n<div class=\"gyan-post-grid-item gyan-grid-item-wrap cat-181 cat-24\">\n    <div class=\"gyan-post-grid-item-inner gyan-grid-item\">\n\n        <div class=\"gyan-post-grid-item-holder gyan-ease-transition \">\n\n            \n                <div class=\"gyan-post-image\">\n\n                    <div class=\"gyan-post-grid-format\"><a href=\"https:\/\/dgpe.gouv.ci\/fr\/gouvernance-des-entreprises-publiques-vers-des-criteres-devaluation-renforces-pour-la-8eme-edition-du-prix-dexcellence-et-de-la-gouvernance-des-entreprises-publiques-et-agences-d\/\" class=\"gyan-post-grid-image gyan-ease-transition\"><img decoding=\"async\" class=\"gyan-ease-transition\" src=\"https:\/\/dgpe.gouv.ci\/fr\/wp-content\/uploads\/2026\/04\/WhatsApp-Image-2026-04-21-at-19.20.10-500x344.jpeg\" alt=\"\" \/><\/a><div class=\"gyan-post-grid-meta gyan-ease-transition\">\n        <ul><li><span class=\"gyan-postmeta-icon\"><i class=\"fas fa-eye\"><\/i><\/span><span class=\"gyan-postmeta-text\">609<\/span><\/li><\/ul>\n    <\/div>\n    <div class=\"clear\"><\/div>                    <\/div>\n                <\/div>\n\n            \n            <div class=\"gyan-post-content-block gyan-ease-transition\">\n                <div class=\"gyan-post-title-section\">\n\n                        <div class=\"gyan-post-grid-content\">\n\n                            <div class=\"gyan-post-title\">\n                                <h2><a href=\"https:\/\/dgpe.gouv.ci\/fr\/gouvernance-des-entreprises-publiques-vers-des-criteres-devaluation-renforces-pour-la-8eme-edition-du-prix-dexcellence-et-de-la-gouvernance-des-entreprises-publiques-et-agences-d\/\">GOUVERNANCE DES ENTREPRISES PUBLIQUES :  \u00abVers des crit\u00e8res d\u2019\u00e9valuation renforc\u00e9s pour la                                <\/a><\/h2>\n                            <\/div>\n\n                            \n                            \n                                <div class=\"gyan-post-list-excerpt\">\n                                    Le Minist\u00e8re du Portefeuille de l\u2019\u00c9tat et des Entreprises publiques a organis\u00e9 ce jeudi 16                                <\/div>\n\n                            \n                            <div class=\"gyan-post-grid-c-button gyan-ease-transition\">\n                                <a href=\"https:\/\/dgpe.gouv.ci\/fr\/gouvernance-des-entreprises-publiques-vers-des-criteres-devaluation-renforces-pour-la-8eme-edition-du-prix-dexcellence-et-de-la-gouvernance-des-entreprises-publiques-et-agences-d\/\"><span><\/span><\/a>\n                            <\/div>\n\n                                                            <div class=\"gyan-post-grid-date\">\n                                    <span>mai 4, 2026<\/span>\n                                <\/div>\n                            \n                            <div class=\"clear\"><\/div>\n\n                        <\/div>\n\n                <\/div>\n                <div class=\"clear\"><\/div>\n            <\/div>\n            <div class=\"clear\"><\/div>\n        <\/div>\n\n    <\/div> <!-- gyan-post-grid-item-inner -->\n<\/div> <!-- gyan-post-grid-item -->\n\n<div class=\"clear\"><\/div>\n<div class=\"gyan-post-grid-item gyan-grid-item-wrap cat-181 cat-24\">\n    <div class=\"gyan-post-grid-item-inner gyan-grid-item\">\n\n        <div class=\"gyan-post-grid-item-holder gyan-ease-transition \">\n\n            \n                <div class=\"gyan-post-image\">\n\n                    <div class=\"gyan-post-grid-format\"><a href=\"https:\/\/dgpe.gouv.ci\/fr\/mpeep-journee-internationale-des-droits-de-la-femme-jif-2026-le-leadership-feminin-au-coeur-du-developpement-duplicate-1\/\" class=\"gyan-post-grid-image gyan-ease-transition\"><img decoding=\"async\" class=\"gyan-ease-transition\" src=\"https:\/\/dgpe.gouv.ci\/fr\/wp-content\/uploads\/2026\/04\/WhatsApp-Image-2026-04-21-at-18.37.07-500x344.jpeg\" alt=\"\" \/><\/a><div class=\"gyan-post-grid-meta gyan-ease-transition\">\n        <ul><li><span class=\"gyan-postmeta-icon\"><i class=\"fas fa-eye\"><\/i><\/span><span class=\"gyan-postmeta-text\">604<\/span><\/li><\/ul>\n    <\/div>\n    <div class=\"clear\"><\/div>                    <\/div>\n                <\/div>\n\n            \n            <div class=\"gyan-post-content-block gyan-ease-transition\">\n                <div class=\"gyan-post-title-section\">\n\n                        <div class=\"gyan-post-grid-content\">\n\n                            <div class=\"gyan-post-title\">\n                                <h2><a href=\"https:\/\/dgpe.gouv.ci\/fr\/mpeep-journee-internationale-des-droits-de-la-femme-jif-2026-le-leadership-feminin-au-coeur-du-developpement-duplicate-1\/\">MPEEP: JOURNEE INTERNATIONALE DES DROITS DE LA FEMME (JIF 2026)\/  \u00ab Le leadership f\u00e9minin au                                <\/a><\/h2>\n                            <\/div>\n\n                            \n                            \n                                <div class=\"gyan-post-list-excerpt\">\n                                    Sous la Pr\u00e9sidence de Madame la Ministre du Portefeuille de l\u2019\u00c9tat et des Entreprises                                <\/div>\n\n                            \n                            <div class=\"gyan-post-grid-c-button gyan-ease-transition\">\n                                <a href=\"https:\/\/dgpe.gouv.ci\/fr\/mpeep-journee-internationale-des-droits-de-la-femme-jif-2026-le-leadership-feminin-au-coeur-du-developpement-duplicate-1\/\"><span><\/span><\/a>\n                            <\/div>\n\n                                                            <div class=\"gyan-post-grid-date\">\n                                    <span>avril 13, 2026<\/span>\n                                <\/div>\n                            \n                            <div class=\"clear\"><\/div>\n\n                        <\/div>\n\n                <\/div>\n                <div class=\"clear\"><\/div>\n            <\/div>\n            <div class=\"clear\"><\/div>\n        <\/div>\n\n    <\/div> <!-- gyan-post-grid-item-inner -->\n<\/div> <!-- gyan-post-grid-item -->\n\n<div class=\"clear\"><\/div>\n<div class=\"gyan-post-grid-item gyan-grid-item-wrap cat-181 cat-24\">\n    <div class=\"gyan-post-grid-item-inner gyan-grid-item\">\n\n        <div class=\"gyan-post-grid-item-holder gyan-ease-transition \">\n\n            \n                <div class=\"gyan-post-image\">\n\n                    <div class=\"gyan-post-grid-format\"><a href=\"https:\/\/dgpe.gouv.ci\/fr\/strategie-2026-2030-de-la-direction-generale-du-portefeuille-de-letat\/\" class=\"gyan-post-grid-image gyan-ease-transition\"><img decoding=\"async\" class=\"gyan-ease-transition\" src=\"https:\/\/dgpe.gouv.ci\/fr\/wp-content\/uploads\/2026\/03\/photo-famille-002-500x344.jpg\" alt=\"\" \/><\/a><div class=\"gyan-post-grid-meta gyan-ease-transition\">\n        <ul><li><span class=\"gyan-postmeta-icon\"><i class=\"fas fa-eye\"><\/i><\/span><span class=\"gyan-postmeta-text\">597<\/span><\/li><\/ul>\n    <\/div>\n    <div class=\"clear\"><\/div>                    <\/div>\n                <\/div>\n\n            \n            <div class=\"gyan-post-content-block gyan-ease-transition\">\n                <div class=\"gyan-post-title-section\">\n\n                        <div class=\"gyan-post-grid-content\">\n\n                            <div class=\"gyan-post-title\">\n                                <h2><a href=\"https:\/\/dgpe.gouv.ci\/fr\/strategie-2026-2030-de-la-direction-generale-du-portefeuille-de-letat\/\">STRATEGIE 2026-2030 DE LA DIRECTION GENERALE DU PORTEFEUILLE DE L\u2019\u00c9TAT: Pr\u00e9sentation du                                <\/a><\/h2>\n                            <\/div>\n\n                            \n                            \n                                <div class=\"gyan-post-list-excerpt\">\n                                    Ce lundi 02 mars 2026 au sein de la Direction G\u00e9n\u00e9rale du Portefeuille de l\u2019Etat, sise au 3\u00e8me                                <\/div>\n\n                            \n                            <div class=\"gyan-post-grid-c-button gyan-ease-transition\">\n                                <a href=\"https:\/\/dgpe.gouv.ci\/fr\/strategie-2026-2030-de-la-direction-generale-du-portefeuille-de-letat\/\"><span><\/span><\/a>\n                            <\/div>\n\n                                                            <div class=\"gyan-post-grid-date\">\n                                    <span>mars 2, 2026<\/span>\n                                <\/div>\n                            \n                            <div class=\"clear\"><\/div>\n\n                        <\/div>\n\n                <\/div>\n                <div class=\"clear\"><\/div>\n            <\/div>\n            <div class=\"clear\"><\/div>\n        <\/div>\n\n    <\/div> <!-- gyan-post-grid-item-inner -->\n<\/div> <!-- gyan-post-grid-item -->\n\n<div class=\"clear\"><\/div>\n<div class=\"gyan-post-grid-item gyan-grid-item-wrap cat-181 cat-24\">\n    <div class=\"gyan-post-grid-item-inner gyan-grid-item\">\n\n        <div class=\"gyan-post-grid-item-holder gyan-ease-transition \">\n\n            \n                <div class=\"gyan-post-image\">\n\n                    <div class=\"gyan-post-grid-format\"><a href=\"https:\/\/dgpe.gouv.ci\/fr\/bilan-2025-strategie-2026-2030-et-perspectives-sur-la-gestion-du-portefeuille-de-letat-le-professeur-mariatou-kone-fixe-ses-objectifs-pour-2026\/\" class=\"gyan-post-grid-image gyan-ease-transition\"><img decoding=\"async\" class=\"gyan-ease-transition\" src=\"https:\/\/dgpe.gouv.ci\/fr\/wp-content\/uploads\/2026\/02\/Photo-de-famille-seminaire-bilan-500x344.jpg\" alt=\"\" \/><\/a><div class=\"gyan-post-grid-meta gyan-ease-transition\">\n        <ul><li><span class=\"gyan-postmeta-icon\"><i class=\"fas fa-eye\"><\/i><\/span><span class=\"gyan-postmeta-text\">588<\/span><\/li><\/ul>\n    <\/div>\n    <div class=\"clear\"><\/div>                    <\/div>\n                <\/div>\n\n            \n            <div class=\"gyan-post-content-block gyan-ease-transition\">\n                <div class=\"gyan-post-title-section\">\n\n                        <div class=\"gyan-post-grid-content\">\n\n                            <div class=\"gyan-post-title\">\n                                <h2><a href=\"https:\/\/dgpe.gouv.ci\/fr\/bilan-2025-strategie-2026-2030-et-perspectives-sur-la-gestion-du-portefeuille-de-letat-le-professeur-mariatou-kone-fixe-ses-objectifs-pour-2026\/\">\u00ab BILAN 2025, STRATEGIE 2026-2030 ET PERSPECTIVES SUR LA GESTION DU PORTEFEUILLE DE L\u2019\u00c9TAT \u00bb                                 <\/a><\/h2>\n                            <\/div>\n\n                            \n                            \n                                <div class=\"gyan-post-list-excerpt\">\n                                    La Direction G\u00e9n\u00e9rale du Portefeuille de l\u2019\u00c9tat et des Entreprises Publiques a organis\u00e9, du                                <\/div>\n\n                            \n                            <div class=\"gyan-post-grid-c-button gyan-ease-transition\">\n                                <a href=\"https:\/\/dgpe.gouv.ci\/fr\/bilan-2025-strategie-2026-2030-et-perspectives-sur-la-gestion-du-portefeuille-de-letat-le-professeur-mariatou-kone-fixe-ses-objectifs-pour-2026\/\"><span><\/span><\/a>\n                            <\/div>\n\n                                                            <div class=\"gyan-post-grid-date\">\n                                    <span>f\u00e9vrier 27, 2026<\/span>\n                                <\/div>\n                            \n                            <div class=\"clear\"><\/div>\n\n                        <\/div>\n\n                <\/div>\n                <div class=\"clear\"><\/div>\n            <\/div>\n            <div class=\"clear\"><\/div>\n        <\/div>\n\n    <\/div> <!-- gyan-post-grid-item-inner -->\n<\/div> <!-- gyan-post-grid-item -->\n\n<div class=\"clear\"><\/div>\n<div class=\"gyan-post-grid-item gyan-grid-item-wrap cat-181 cat-24\">\n    <div class=\"gyan-post-grid-item-inner gyan-grid-item\">\n\n        <div class=\"gyan-post-grid-item-holder gyan-ease-transition \">\n\n            \n                <div class=\"gyan-post-image\">\n\n                    <div class=\"gyan-post-grid-format\"><a href=\"https:\/\/dgpe.gouv.ci\/fr\/visite-du-ministre-moussa-sanogo-aux-agents-de-la-dgpe-apres-sa-nomination\/\" class=\"gyan-post-grid-image gyan-ease-transition\"><img decoding=\"async\" class=\"gyan-ease-transition\" src=\"https:\/\/dgpe.gouv.ci\/fr\/wp-content\/uploads\/2026\/01\/IMG-20260126-WA0112-500x344.jpg\" alt=\"\" \/><\/a><div class=\"gyan-post-grid-meta gyan-ease-transition\">\n        <ul><li><span class=\"gyan-postmeta-icon\"><i class=\"fas fa-eye\"><\/i><\/span><span class=\"gyan-postmeta-text\">584<\/span><\/li><\/ul>\n    <\/div>\n    <div class=\"clear\"><\/div>                    <\/div>\n                <\/div>\n\n            \n            <div class=\"gyan-post-content-block gyan-ease-transition\">\n                <div class=\"gyan-post-title-section\">\n\n                        <div class=\"gyan-post-grid-content\">\n\n                            <div class=\"gyan-post-title\">\n                                <h2><a href=\"https:\/\/dgpe.gouv.ci\/fr\/visite-du-ministre-moussa-sanogo-aux-agents-de-la-dgpe-apres-sa-nomination\/\">Visite du Ministre Moussa SANOGO aux agents de la DGPE apr\u00e8s sa nomination                                <\/a><\/h2>\n                            <\/div>\n\n                            \n                            \n                                <div class=\"gyan-post-list-excerpt\">\n                                    \u00c0 la suite de sa nouvelle nomination en qualit\u00e9 de ministre de l\u2019urbanisme, du logement et du                                <\/div>\n\n                            \n                            <div class=\"gyan-post-grid-c-button gyan-ease-transition\">\n                                <a href=\"https:\/\/dgpe.gouv.ci\/fr\/visite-du-ministre-moussa-sanogo-aux-agents-de-la-dgpe-apres-sa-nomination\/\"><span><\/span><\/a>\n                            <\/div>\n\n                                                            <div class=\"gyan-post-grid-date\">\n                                    <span>janvier 29, 2026<\/span>\n                                <\/div>\n                            \n                            <div class=\"clear\"><\/div>\n\n                        <\/div>\n\n                <\/div>\n                <div class=\"clear\"><\/div>\n            <\/div>\n            <div class=\"clear\"><\/div>\n        <\/div>\n\n    <\/div> <!-- gyan-post-grid-item-inner -->\n<\/div> <!-- gyan-post-grid-item -->\n\n<div class=\"clear\"><\/div>\n<div class=\"gyan-post-grid-item gyan-grid-item-wrap cat-181 cat-24\">\n    <div class=\"gyan-post-grid-item-inner gyan-grid-item\">\n\n        <div class=\"gyan-post-grid-item-holder gyan-ease-transition \">\n\n            \n                <div class=\"gyan-post-image\">\n\n                    <div class=\"gyan-post-grid-format\"><a href=\"https:\/\/dgpe.gouv.ci\/fr\/voeux-de-nouvel-an-le-directeur-general-du-portefeuille-de-letat-rend-visite-a-ses-agents-et-leur-souhaite-ses-meilleurs-voeux\/\" class=\"gyan-post-grid-image gyan-ease-transition\"><img decoding=\"async\" class=\"gyan-ease-transition\" src=\"https:\/\/dgpe.gouv.ci\/fr\/wp-content\/uploads\/2026\/01\/Nouvel-an-2026-500x344.jpg\" alt=\"\" \/><\/a><div class=\"gyan-post-grid-meta gyan-ease-transition\">\n        <ul><li><span class=\"gyan-postmeta-icon\"><i class=\"fas fa-eye\"><\/i><\/span><span class=\"gyan-postmeta-text\">550<\/span><\/li><\/ul>\n    <\/div>\n    <div class=\"clear\"><\/div>                    <\/div>\n                <\/div>\n\n            \n            <div class=\"gyan-post-content-block gyan-ease-transition\">\n                <div class=\"gyan-post-title-section\">\n\n                        <div class=\"gyan-post-grid-content\">\n\n                            <div class=\"gyan-post-title\">\n                                <h2><a href=\"https:\/\/dgpe.gouv.ci\/fr\/voeux-de-nouvel-an-le-directeur-general-du-portefeuille-de-letat-rend-visite-a-ses-agents-et-leur-souhaite-ses-meilleurs-voeux\/\">V\u0152UX DE NOUVEL AN  Le Directeur G\u00e9n\u00e9ral du Portefeuille de l\u2019Etat rend visite \u00e0 ses agents et                                <\/a><\/h2>\n                            <\/div>\n\n                            \n                            \n                                <div class=\"gyan-post-list-excerpt\">\n                                    Le Directeur G\u00e9n\u00e9ral du Portefeuille de l\u2019Etat, Monsieur BAMBA Seydou, a souhait\u00e9, le lundi 06                                <\/div>\n\n                            \n                            <div class=\"gyan-post-grid-c-button gyan-ease-transition\">\n                                <a href=\"https:\/\/dgpe.gouv.ci\/fr\/voeux-de-nouvel-an-le-directeur-general-du-portefeuille-de-letat-rend-visite-a-ses-agents-et-leur-souhaite-ses-meilleurs-voeux\/\"><span><\/span><\/a>\n                            <\/div>\n\n                                                            <div class=\"gyan-post-grid-date\">\n                                    <span>janvier 21, 2026<\/span>\n                                <\/div>\n                            \n                            <div class=\"clear\"><\/div>\n\n                        <\/div>\n\n                <\/div>\n                <div class=\"clear\"><\/div>\n            <\/div>\n            <div class=\"clear\"><\/div>\n        <\/div>\n\n    <\/div> <!-- gyan-post-grid-item-inner -->\n<\/div> <!-- gyan-post-grid-item -->\n\n<div class=\"clear\"><\/div>            <\/div><div class=\"clear\"><\/div>\n        <\/div>\n\n                      <div class=\"gyan-pagination-holder\"><\/div>\n        \n        \t\t\t\t<\/div>\n\t\t\t\t<\/div>\n\t\t\t\t\t<\/div>\n\t\t<\/div>\n\t\t\t\t\t<\/div>\n\t\t<\/section>\n\t\t\t\t<\/div>\n\t\t","protected":false},"excerpt":{"rendered":"<p>540 STRATEGIE 2026-2030 DE LA DIRECTION GENERALE DU PORTEFEUILLE DE L\u2019\u00c9TAT: Pr\u00e9sentation du Ce lundi 02 mars 2026 au sein de la Direction G\u00e9n\u00e9rale du Portefeuille de l\u2019Etat, sise au 3\u00e8me mars 2, 2026 539 \u00ab BILAN 2025, STRATEGIE 2026-2030 ET PERSPECTIVES SUR LA GESTION DU PORTEFEUILLE DE L\u2019\u00c9TAT \u00bb [&hellip;]<\/p>\n","protected":false},"author":1,"featured_media":0,"parent":12838,"menu_order":0,"comment_status":"closed","ping_status":"closed","template":"elementor_header_footer","meta":{"footnotes":""},"class_list":["post-16820","page","type-page","status-publish","hentry"],"_links":{"self":[{"href":"https:\/\/dgpe.gouv.ci\/fr\/wp-json\/wp\/v2\/pages\/16820","targetHints":{"allow":["GET"]}}],"collection":[{"href":"https:\/\/dgpe.gouv.ci\/fr\/wp-json\/wp\/v2\/pages"}],"about":[{"href":"https:\/\/dgpe.gouv.ci\/fr\/wp-json\/wp\/v2\/types\/page"}],"author":[{"embeddable":true,"href":"https:\/\/dgpe.gouv.ci\/fr\/wp-json\/wp\/v2\/users\/1"}],"replies":[{"embeddable":true,"href":"https:\/\/dgpe.gouv.ci\/fr\/wp-json\/wp\/v2\/comments?post=16820"}],"version-history":[{"count":4,"href":"https:\/\/dgpe.gouv.ci\/fr\/wp-json\/wp\/v2\/pages\/16820\/revisions"}],"predecessor-version":[{"id":16824,"href":"https:\/\/dgpe.gouv.ci\/fr\/wp-json\/wp\/v2\/pages\/16820\/revisions\/16824"}],"up":[{"embeddable":true,"href":"https:\/\/dgpe.gouv.ci\/fr\/wp-json\/wp\/v2\/pages\/12838"}],"wp:attachment":[{"href":"https:\/\/dgpe.gouv.ci\/fr\/wp-json\/wp\/v2\/media?parent=16820"}],"curies":[{"name":"wp","href":"https:\/\/api.w.org\/{rel}","templated":true}]}}