{"id":2379,"date":"2021-12-02T13:52:54","date_gmt":"2021-12-02T13:52:54","guid":{"rendered":"https:\/\/dgpe.gouv.ci\/fr\/?page_id=2379"},"modified":"2023-04-02T23:33:48","modified_gmt":"2023-04-02T23:33:48","slug":"mission-vision-valeur","status":"publish","type":"page","link":"https:\/\/dgpe.gouv.ci\/fr\/mission-vision-valeur\/","title":{"rendered":"Missions &#8211; Vision &#8211; Valeurs"},"content":{"rendered":"\t\t<div data-elementor-type=\"wp-page\" data-elementor-id=\"2379\" class=\"elementor elementor-2379\" data-elementor-post-type=\"page\">\n\t\t\t\t\t\t<section data-exad-particle-enable=\"false\" class=\"elementor-section elementor-top-section elementor-element elementor-element-429001b4 elementor-section-stretched elementor-section-boxed elementor-section-height-default elementor-section-height-default exad-parallax-effect-no exad-background-color-change-no exad-glass-effect-no exad-sticky-section-no\" data-id=\"429001b4\" data-element_type=\"section\" data-e-type=\"section\" data-settings=\"{&quot;stretch_section&quot;:&quot;section-stretched&quot;}\">\n\t\t\t\t\t\t<div class=\"elementor-container elementor-column-gap-default\">\n\t\t\t\t\t<div class=\"elementor-column elementor-col-100 elementor-top-column elementor-element elementor-element-17155ee6 exad-glass-effect-no exad-sticky-section-no\" data-id=\"17155ee6\" data-element_type=\"column\" data-e-type=\"column\">\n\t\t\t<div class=\"elementor-widget-wrap elementor-element-populated\">\n\t\t\t\t\t\t<section data-exad-particle-enable=\"false\" class=\"elementor-section elementor-inner-section elementor-element elementor-element-4c754098 elementor-section-boxed elementor-section-height-default elementor-section-height-default exad-parallax-effect-no exad-background-color-change-no exad-glass-effect-no exad-sticky-section-no\" data-id=\"4c754098\" data-element_type=\"section\" data-e-type=\"section\">\n\t\t\t\t\t\t<div class=\"elementor-container elementor-column-gap-no\">\n\t\t\t\t\t<div class=\"elementor-column elementor-col-50 elementor-inner-column elementor-element elementor-element-50248dde exad-glass-effect-no exad-sticky-section-no\" data-id=\"50248dde\" data-element_type=\"column\" data-e-type=\"column\">\n\t\t\t<div class=\"elementor-widget-wrap elementor-element-populated\">\n\t\t\t\t\t\t<div class=\"elementor-element elementor-element-439537b9 gyan-title-st-line-after exad-sticky-section-no exad-glass-effect-no elementor-widget elementor-widget-gyan_title\" data-id=\"439537b9\" data-element_type=\"widget\" data-e-type=\"widget\" data-widget_type=\"gyan_title.default\">\n\t\t\t\t<div class=\"elementor-widget-container\">\n\t\t\t\t\t\t\t<div class=\"gyan-title\">\r\n\t\t\t<div class=\"gyan-title-subtitle\"><span>Missions \u2013 Vision \u2013 Valeurs<\/span><\/div><h2 class=\"gyan-title-heading\">Pourquoi la DGPE ?<\/h2>\t\t<\/div>\r\n\t\t\t\t\t\t<\/div>\n\t\t\t\t<\/div>\n\t\t\t\t\t<\/div>\n\t\t<\/div>\n\t\t\t\t<div class=\"elementor-column elementor-col-50 elementor-inner-column elementor-element elementor-element-2b9749b1 exad-glass-effect-no exad-sticky-section-no\" data-id=\"2b9749b1\" data-element_type=\"column\" data-e-type=\"column\">\n\t\t\t<div class=\"elementor-widget-wrap elementor-element-populated\">\n\t\t\t\t\t\t\t<\/div>\n\t\t<\/div>\n\t\t\t\t\t<\/div>\n\t\t<\/section>\n\t\t\t\t<div class=\"elementor-element elementor-element-7d24468 animated-slow exad-sticky-section-no exad-glass-effect-no elementor-invisible elementor-widget elementor-widget-gyan_tabs\" data-id=\"7d24468\" data-element_type=\"widget\" data-e-type=\"widget\" data-settings=\"{&quot;_animation&quot;:&quot;fadeInLeft&quot;}\" data-widget_type=\"gyan_tabs.default\">\n\t\t\t\t<div class=\"elementor-widget-container\">\n\t\t\t\t\t    \t<div id=\"gyan-tabs-7d24468\" class=\"gyan-tabs gyan-tabs-vertical\" data-tabid=\"7d24468\">\n      \t\t<div class=\"gyan-tabs-nav\">\n        \t\t<ul class=\"\">\n        \t    \t        \t      \t\t<li class=\"active-default gyan-ease-transition\">\n                                                                                        <span class=\"gyan-icon gyan-ease-transition \">\n                                                                         <i aria-hidden=\"true\" class=\"fas fa-location-arrow\"><\/i>        \t\t\t      \t\t\t\t<\/span>\n        \t      \t\t   <span class=\"gyan-tab-title\">Nos Missions<\/span>\n                                                   <\/li>\n        \t      \t        \t      \t\t<li class=\" gyan-ease-transition\">\n                                                                                        <span class=\"gyan-icon gyan-ease-transition \">\n                                                                         <i aria-hidden=\"true\" class=\"far fa-eye\"><\/i>        \t\t\t      \t\t\t\t<\/span>\n        \t      \t\t   <span class=\"gyan-tab-title\">Notre Vision<\/span>\n                                                   <\/li>\n        \t      \t        \t      \t\t<li class=\" gyan-ease-transition\">\n                                                                                        <span class=\"gyan-icon gyan-ease-transition \">\n                                                                         <i aria-hidden=\"true\" class=\"fas fa-gem\"><\/i>        \t\t\t      \t\t\t\t<\/span>\n        \t      \t\t   <span class=\"gyan-tab-title\">Nos Valeurs<\/span>\n                                                   <\/li>\n        \t      \t            \t<\/ul>\n      \t\t<\/div>\n      \t\t<div class=\"gyan-tabs-content\">\n      \t\t\t                    <div class=\"active-default\">\n    \t\t      \t\t    \t\t\t\t\t\t\t<h3>La Direction G\u00e9n\u00e9rale du Portefeuille de l'Etat (DGPE) est charg\u00e9e:<\/h3><ul><li>d'\u00e9laborer et mettre en \u0153uvre une strat\u00e9gie de gestion du portefeuille de l'Etat, conforme aux objectifs strat\u00e9giques, \u00e9conomiques et sociaux de l'Etat\u00a0;<\/li><li>de proposer et veiller \u00e0 la mise en \u0153uvre de la position de l'Etat actionnaire en ce qui concerne la strat\u00e9gie des entreprises et organismes figurant dans le portefeuille de I \u2018Etat\u00a0;<\/li><li>d\u2019assurer l'exercice de la tutelle financi\u00e8re et de coordonner l'exercice de la tutelle sur les soci\u00e9t\u00e9s d'Etat, les personnes morales \u00e0 participation financi\u00e8re publique de droit national, de droit international, les personnes morales de droit priv\u00e9 b\u00e9n\u00e9ficiant du concours financier ou de la garantie de l'Etat et les personnes morales de type particulier de droit priv\u00e9 ;<\/li><\/ul><ul><li>d'analyser la situation \u00e9conomique et financi\u00e8re du portefeuille de l'Etat, d'\u00e9laborer et maintenir un syst\u00e8me coh\u00e9rent de mesures des performances du portefeuille de l'Etat\u00a0;<\/li><li>d'assurer le suivi de l'endettement des soci\u00e9t\u00e9s d'Etat, des soci\u00e9t\u00e9s \u00e0 participation financi\u00e8re publique, des personnes morales de droit priv\u00e9 b\u00e9n\u00e9ficiant du concours financier ou de la garantie de l'Etat, des personnes morales de type particulier et des agences d'ex\u00e9cution ;<\/li><li>de tenir les statistiques consolid\u00e9es sur la dette de ces entit\u00e9s, y compris le service de la dette et le profil \u00e0 moyen et long terme\u00a0;<\/li><li>d'assurer le contr\u00f4le de la gestion \u00e9conomique et financi\u00e8re des soci\u00e9t\u00e9s d'Etat, des soci\u00e9t\u00e9s \u00e0 participation financi\u00e8re publique, des personnes morales de droit priv\u00e9 b\u00e9n\u00e9ficiant du concours financier ou de la garantie de l'Etat, des personnes morales de type particulier et des agences d'ex\u00e9cution ;<\/li><li>de conduire, pour le compte du ministre charg\u00e9 du portefeuille de l'Etat, des contr\u00f4les et audits externes, sur toute personne morale dot\u00e9e de l'autonomie financi\u00e8re, b\u00e9n\u00e9ficiant du concours financier ou de la garantie de l'Etat\u00a0;<\/li><li>d'assurer la pr\u00e9paration des plans de d\u00e9sengagement et de restructuration du portefeuille de l'Etat et en assurer la mise en \u0153uvre le cas \u00e9ch\u00e9ant en relation avec le comit\u00e9 de privatisation , d'assurer le suivi de la mise en \u0153uvre des op\u00e9rations de privatisation, le cas \u00e9ch\u00e9ant en relation avec le comit\u00e9 de privatisation, et de la post privatisation\u00a0;<\/li><li>d'assurer des missions de conseil et de v\u00e9rification, notamment en mati\u00e8re juridique et financi\u00e8re, dans le respect des attributions des autres administrations int\u00e9ress\u00e9es\u00a0;<\/li><li>d'assurer r\u00e9guli\u00e8rement l'information du ministre charg\u00e9 du portefeuille de l'Etat, sur la gestion et sur les r\u00e9sultats du portefeuille de l'Etat\u00a0;<\/li><li>d'assurer le suivi de la gestion de la liquidation des soci\u00e9t\u00e9s d'Etat, des soci\u00e9t\u00e9s \u00e0 participation financi\u00e8re publique et des personnes morales de type particulier\u00a0;<\/li><li>d'assurer la repr\u00e9sentation de l'Etat, \u00e0 la demande du ministre charg\u00e9 du portefeuille de l'Etat, dans les assembl\u00e9es constitutives, les assembl\u00e9es g\u00e9n\u00e9rales et les conseils d'administration des soci\u00e9t\u00e9s d'Etat, des soci\u00e9t\u00e9s \u00e0 participation financi\u00e8re publique et des personnes morales de type particulier\u00a0;<\/li><li>de simplifier et moderniser les r\u00e8gles de gouvernance des soci\u00e9t\u00e9s d'Etat et des soci\u00e9t\u00e9s \u00e0 participation financi\u00e8re publique.<\/li><\/ul>    \t\t\t\t\t\t\t                    <\/div>\n    \t\t\t                    <div class=\"\">\n    \t\t      \t\t    \t\t\t\t\t\t\t<h1>Notre Vision<\/h1><p>l\u2019intervention de la DGPE s\u2019inscrit non seulement dans le cadre de la pr\u00e9servation des int\u00e9r\u00eats patrimoniaux de l\u2019Etat, mais \u00e9galement dans la vision du gouvernement de faire des entreprises publiques, des mod\u00e8les dans les secteurs et industries dans lesquels elles \u00e9voluent.<\/p><p>Cette strat\u00e9gie dont la vision est \u00ab <strong>DGPE, ACCELERATEUR DE DEVELOPPEMENT\u00a0\u00bb<\/strong>, vise 3 objectifs cl\u00e9s, \u00e0 savoir\u00a0:<\/p><ul><li>acc\u00e9l\u00e9rer l\u2019am\u00e9lioration de la performance du Portefeuille\u00a0;<\/li><li>renforcer la diffusion des principes de bonne gouvernance et de bonne gestion ;<\/li><li>amplifier l'impact des entreprises publiques sur les secteurs productifs et catalyser leur d\u00e9veloppement.<\/li><\/ul><p><strong>UNE STRATEGIE 2021-2025 REPOSANT SUR 3 GRANDS PILIERS<\/strong><\/p><p><img decoding=\"async\" class=\"alignnone size-medium wp-image-3018\" src=\"https:\/\/dgpe.gouv.ci\/fr\/wp-content\/uploads\/2022\/01\/dgpe-accelerateur-dev.jpg\" alt=\"\" width=\"100%\" srcset=\"https:\/\/dgpe.gouv.ci\/fr\/wp-content\/uploads\/2022\/01\/dgpe-accelerateur-dev.jpg 994w, https:\/\/dgpe.gouv.ci\/fr\/wp-content\/uploads\/2022\/01\/dgpe-accelerateur-dev-300x136.jpg 300w, https:\/\/dgpe.gouv.ci\/fr\/wp-content\/uploads\/2022\/01\/dgpe-accelerateur-dev-768x348.jpg 768w\" sizes=\"(max-width: 994px) 100vw, 994px\" \/><\/p>    \t\t\t\t\t\t\t                    <\/div>\n    \t\t\t                    <div class=\"\">\n    \t\t      \t\t    \t\t\t\t\t\t\t<h1>Nos Valeurs<\/h1><p>La DGPE a mis en \u0153uvre une nouvelle strat\u00e9gie pour la p\u00e9riode 2021-2025 dont la vision est : \u00ab DGPE ACCELERATEUR DE DEVELOPPEMENT \u00bb. Cette nouvelle strat\u00e9gie vise des objectifs cl\u00e9s, \u00e0 savoir :<\/p><ul><li>l\u2019excellence dans l\u2019ex\u00e9cution de ses missions ;<\/li><li>la responsabilit\u00e9 dans la gestion des int\u00e9r\u00eats patrimoniaux de l\u2019Etat\u00a0;<\/li><li>le travail d\u2019\u00e9quipe avec des agents issus de parcours divers\u00a0;<\/li><li>un dialogue permanent et constructif avec les entreprises du portefeuille.<\/li><\/ul>    \t\t\t\t\t\t\t                    <\/div>\n    \t\t\t      \t\t<\/div>\n    \t<\/div>\n\t   \t\t\t\t<\/div>\n\t\t\t\t<\/div>\n\t\t\t\t\t<\/div>\n\t\t<\/div>\n\t\t\t\t\t<\/div>\n\t\t<\/section>\n\t\t\t\t<\/div>\n\t\t","protected":false},"excerpt":{"rendered":"<p>Missions \u2013 Vision \u2013 Valeurs Pourquoi la DGPE ? Nos Missions Notre Vision Nos Valeurs La Direction G\u00e9n\u00e9rale du Portefeuille de l&rsquo;Etat (DGPE) est charg\u00e9e: d&rsquo;\u00e9laborer et mettre en \u0153uvre une strat\u00e9gie de gestion du portefeuille de l&rsquo;Etat, conforme aux objectifs strat\u00e9giques, \u00e9conomiques et sociaux de l&rsquo;Etat\u00a0; de proposer et [&hellip;]<\/p>\n","protected":false},"author":1,"featured_media":0,"parent":0,"menu_order":0,"comment_status":"closed","ping_status":"closed","template":"elementor_header_footer","meta":{"footnotes":""},"class_list":["post-2379","page","type-page","status-publish","hentry"],"_links":{"self":[{"href":"https:\/\/dgpe.gouv.ci\/fr\/wp-json\/wp\/v2\/pages\/2379","targetHints":{"allow":["GET"]}}],"collection":[{"href":"https:\/\/dgpe.gouv.ci\/fr\/wp-json\/wp\/v2\/pages"}],"about":[{"href":"https:\/\/dgpe.gouv.ci\/fr\/wp-json\/wp\/v2\/types\/page"}],"author":[{"embeddable":true,"href":"https:\/\/dgpe.gouv.ci\/fr\/wp-json\/wp\/v2\/users\/1"}],"replies":[{"embeddable":true,"href":"https:\/\/dgpe.gouv.ci\/fr\/wp-json\/wp\/v2\/comments?post=2379"}],"version-history":[{"count":0,"href":"https:\/\/dgpe.gouv.ci\/fr\/wp-json\/wp\/v2\/pages\/2379\/revisions"}],"wp:attachment":[{"href":"https:\/\/dgpe.gouv.ci\/fr\/wp-json\/wp\/v2\/media?parent=2379"}],"curies":[{"name":"wp","href":"https:\/\/api.w.org\/{rel}","templated":true}]}}