{"id":2415,"date":"2021-12-02T18:05:37","date_gmt":"2021-12-02T18:05:37","guid":{"rendered":"https:\/\/dgpe.gouv.ci\/fr\/?page_id=2415"},"modified":"2023-04-09T15:32:10","modified_gmt":"2023-04-09T15:32:10","slug":"mot-du-directeur","status":"publish","type":"page","link":"https:\/\/dgpe.gouv.ci\/fr\/mot-du-directeur\/","title":{"rendered":"Mot du Directeur G\u00e9n\u00e9ral"},"content":{"rendered":"\t\t<div data-elementor-type=\"wp-page\" data-elementor-id=\"2415\" class=\"elementor elementor-2415\" data-elementor-post-type=\"page\">\n\t\t\t\t\t\t<section data-exad-particle-enable=\"false\" class=\"elementor-section elementor-top-section elementor-element elementor-element-429001b4 elementor-section-stretched elementor-section-boxed elementor-section-height-default elementor-section-height-default exad-parallax-effect-no exad-background-color-change-no exad-glass-effect-no exad-sticky-section-no\" data-id=\"429001b4\" data-element_type=\"section\" data-e-type=\"section\" data-settings=\"{&quot;stretch_section&quot;:&quot;section-stretched&quot;}\">\n\t\t\t\t\t\t<div class=\"elementor-container elementor-column-gap-default\">\n\t\t\t\t\t<div class=\"elementor-column elementor-col-100 elementor-top-column elementor-element elementor-element-17155ee6 exad-glass-effect-no exad-sticky-section-no\" data-id=\"17155ee6\" data-element_type=\"column\" data-e-type=\"column\">\n\t\t\t<div class=\"elementor-widget-wrap elementor-element-populated\">\n\t\t\t\t\t\t<section data-exad-particle-enable=\"false\" class=\"elementor-section elementor-inner-section elementor-element elementor-element-4c754098 elementor-section-boxed elementor-section-height-default elementor-section-height-default exad-parallax-effect-no exad-background-color-change-no exad-glass-effect-no exad-sticky-section-no\" data-id=\"4c754098\" data-element_type=\"section\" data-e-type=\"section\">\n\t\t\t\t\t\t<div class=\"elementor-container elementor-column-gap-no\">\n\t\t\t\t\t<div class=\"elementor-column elementor-col-50 elementor-inner-column elementor-element elementor-element-50248dde exad-glass-effect-no exad-sticky-section-no\" data-id=\"50248dde\" data-element_type=\"column\" data-e-type=\"column\">\n\t\t\t<div class=\"elementor-widget-wrap elementor-element-populated\">\n\t\t\t\t\t\t<div class=\"elementor-element elementor-element-439537b9 gyan-title-st-line-after exad-sticky-section-no exad-glass-effect-no elementor-widget elementor-widget-gyan_title\" data-id=\"439537b9\" data-element_type=\"widget\" data-e-type=\"widget\" data-widget_type=\"gyan_title.default\">\n\t\t\t\t<div class=\"elementor-widget-container\">\n\t\t\t\t\t\t\t<div class=\"gyan-title\">\r\n\t\t\t<div class=\"gyan-title-subtitle\"><span>Mots du DG<\/span><\/div><h2 class=\"gyan-title-heading\">BAMBA Seydou<\/h2>\t\t<\/div>\r\n\t\t\t\t\t\t<\/div>\n\t\t\t\t<\/div>\n\t\t\t\t\t<\/div>\n\t\t<\/div>\n\t\t\t\t<div class=\"elementor-column elementor-col-50 elementor-inner-column elementor-element elementor-element-2b9749b1 exad-glass-effect-no exad-sticky-section-no\" data-id=\"2b9749b1\" data-element_type=\"column\" data-e-type=\"column\">\n\t\t\t<div class=\"elementor-widget-wrap elementor-element-populated\">\n\t\t\t\t\t\t\t<\/div>\n\t\t<\/div>\n\t\t\t\t\t<\/div>\n\t\t<\/section>\n\t\t\t\t\t<\/div>\n\t\t<\/div>\n\t\t\t\t\t<\/div>\n\t\t<\/section>\n\t\t\t\t<section data-exad-particle-enable=\"false\" class=\"elementor-section elementor-top-section elementor-element elementor-element-38cc441 elementor-section-boxed elementor-section-height-default elementor-section-height-default exad-parallax-effect-no exad-background-color-change-no exad-glass-effect-no exad-sticky-section-no\" data-id=\"38cc441\" data-element_type=\"section\" data-e-type=\"section\">\n\t\t\t\t\t\t<div class=\"elementor-container elementor-column-gap-default\">\n\t\t\t\t\t<div class=\"elementor-column elementor-col-50 elementor-top-column elementor-element elementor-element-88b8b1b exad-glass-effect-no exad-sticky-section-no\" data-id=\"88b8b1b\" data-element_type=\"column\" data-e-type=\"column\">\n\t\t\t<div class=\"elementor-widget-wrap elementor-element-populated\">\n\t\t\t\t\t\t<div class=\"elementor-element elementor-element-247ebba exad-sticky-section-no exad-glass-effect-no elementor-widget elementor-widget-image\" data-id=\"247ebba\" data-element_type=\"widget\" data-e-type=\"widget\" data-widget_type=\"image.default\">\n\t\t\t\t<div class=\"elementor-widget-container\">\n\t\t\t\t\t\t\t\t\t\t\t\t\t\t\t<img fetchpriority=\"high\" decoding=\"async\" width=\"800\" height=\"553\" src=\"https:\/\/dgpe.gouv.ci\/fr\/wp-content\/uploads\/2021\/12\/dg_dgpe.jpg\" class=\"attachment-large size-large wp-image-2419\" alt=\"\" srcset=\"https:\/\/dgpe.gouv.ci\/fr\/wp-content\/uploads\/2021\/12\/dg_dgpe.jpg 800w, https:\/\/dgpe.gouv.ci\/fr\/wp-content\/uploads\/2021\/12\/dg_dgpe-300x207.jpg 300w, https:\/\/dgpe.gouv.ci\/fr\/wp-content\/uploads\/2021\/12\/dg_dgpe-768x531.jpg 768w, https:\/\/dgpe.gouv.ci\/fr\/wp-content\/uploads\/2021\/12\/dg_dgpe-100x70.jpg 100w\" sizes=\"(max-width: 800px) 100vw, 800px\" \/>\t\t\t\t\t\t\t\t\t\t\t\t\t\t\t<\/div>\n\t\t\t\t<\/div>\n\t\t\t\t\t<\/div>\n\t\t<\/div>\n\t\t\t\t<div class=\"elementor-column elementor-col-50 elementor-top-column elementor-element elementor-element-5698025 exad-glass-effect-no exad-sticky-section-no\" data-id=\"5698025\" data-element_type=\"column\" data-e-type=\"column\">\n\t\t\t<div class=\"elementor-widget-wrap elementor-element-populated\">\n\t\t\t\t\t\t<div class=\"elementor-element elementor-element-41992a1 exad-sticky-section-no exad-glass-effect-no elementor-widget elementor-widget-text-editor\" data-id=\"41992a1\" data-element_type=\"widget\" data-e-type=\"widget\" data-widget_type=\"text-editor.default\">\n\t\t\t\t<div class=\"elementor-widget-container\">\n\t\t\t\t\t\t\t\t\t<p>\u00ab\u00a0<strong>La recherche de l\u2019excellence, dans l\u2019ex\u00e9cution de nos missions strat\u00e9giques, et le dialogue permanent et constructif avec les entreprises du portefeuille et les autres acteurs intervenant, directement ou indirectement dans la gestion des participations publiques, nous enjoint d\u2019adapter nos informations, avec une architecture bien \u00e9tablie et une organisation raffin\u00e9e du site web\u00a0\u00bb<\/strong><\/p><p>J\u2019ai l\u2019honneur de vous pr\u00e9senter notre site web pour la gestion des entreprises publiques. Avec un style moderne, inspir\u00e9 des exigences de la performance, notre objectif est de mettre \u00e0 votre disposition, un site plus accessible, qui aura pour vocation, d\u2019\u00eatre sans cesse \u00e9volutif et de vous informer au quotidien sur la vie des entreprises publiques et du secteur parapublic. Ainsi que sur les mesures prises pour l\u2019am\u00e9lioration de leur performance et gouvernance.<\/p>\t\t\t\t\t\t\t\t<\/div>\n\t\t\t\t<\/div>\n\t\t\t\t\t<\/div>\n\t\t<\/div>\n\t\t\t\t\t<\/div>\n\t\t<\/section>\n\t\t\t\t<section data-exad-particle-enable=\"false\" class=\"elementor-section elementor-top-section elementor-element elementor-element-6a0fa44 elementor-section-boxed elementor-section-height-default elementor-section-height-default exad-parallax-effect-no exad-background-color-change-no exad-glass-effect-no exad-sticky-section-no\" data-id=\"6a0fa44\" data-element_type=\"section\" data-e-type=\"section\">\n\t\t\t\t\t\t<div class=\"elementor-container elementor-column-gap-default\">\n\t\t\t\t\t<div class=\"elementor-column elementor-col-100 elementor-top-column elementor-element elementor-element-f22e4e5 exad-glass-effect-no exad-sticky-section-no\" data-id=\"f22e4e5\" data-element_type=\"column\" data-e-type=\"column\">\n\t\t\t<div class=\"elementor-widget-wrap elementor-element-populated\">\n\t\t\t\t\t\t<div class=\"elementor-element elementor-element-10ec344 exad-sticky-section-no exad-glass-effect-no elementor-widget elementor-widget-text-editor\" data-id=\"10ec344\" data-element_type=\"widget\" data-e-type=\"widget\" data-widget_type=\"text-editor.default\">\n\t\t\t\t<div class=\"elementor-widget-container\">\n\t\t\t\t\t\t\t\t\t<p>Qu\u2019est-ce-que la Direction g\u00e9n\u00e9rale du Portefeuille de l\u2019Etat (DGPE) ? Comment fonctionne -t-elle ? Qu\u2019est-ce que le portefeuille de l\u2019Etat et de quoi est-il compos\u00e9 ? Quelles sont les parts de l\u2019Etat dans ce portefeuille ? Quels sont ses diff\u00e9rents secteurs d\u2019intervention ? Quelles sont les derni\u00e8res informations sur la sant\u00e9 financi\u00e8re de nos entreprises publiques ? Quels sont les acteurs du portefeuille de l\u2019Etat\u00a0?<\/p><p>Ce sont entre autres, des questions qui taraudent l\u2019esprit de l\u2019ivoirien nouveau, qui est sans cesse en qu\u00eate d\u2019informations pour satisfaire sa curiosit\u00e9.<\/p><p>Telles sont les diff\u00e9rentes questions auxquelles ce site tente de r\u00e9pondre en toute transparence, \u00e0 l\u2019image de la gestion du portefeuille de l\u2019Etat.<\/p><p>En effet, vous trouverez des informations, riches et diversifi\u00e9es, allant de la Pr\u00e9sentation de la DGPE et du Portefeuille, aux m\u00e9thodes de Gouvernance des entreprises publiques, en passant par la Documentation, jusqu\u2019\u00e0 la Foire Aux Questions (FAQ), pour finir aux derni\u00e8res Actualit\u00e9s du Portefeuille et du service en charge de la gestion des entreprises publiques.<\/p><p>La recherche de l\u2019excellence dans l\u2019ex\u00e9cution de nos missions strat\u00e9giques, le dialogue permanent et constructif avec les entreprises du portefeuille et les autres acteurs intervenant directement ou indirectement dans la gestion des participations publiques, nous enjoignent\u00a0 d\u2019adapter nos informations, avec une architecture bien \u00e9tablie et une organisation raffin\u00e9e du site web. Car il int\u00e8gre, de fa\u00e7on appropri\u00e9e, les diff\u00e9rents messages \u00e0 l\u2019endroit d\u2019un public aussi vari\u00e9 qu\u2019exigeant, compos\u00e9 de professionnels du secteur, de bailleurs de fonds, d\u2019Institutions de la r\u00e9publique, d\u2019autres Directions G\u00e9n\u00e9rales, d\u2019op\u00e9rateurs \u00e9conomiques, de chercheurs, d\u2019\u00e9tudiants et de visiteurs.<\/p><p>Pour ce faire, la DGPE fait le choix d\u2019\u00eatre proactive sur la toile et s\u2019en remet \u00e0 vos clics, en mettant \u00e0 votre disposition, un gisement d\u2019informations pertinentes \u00e0 m\u00eame de r\u00e9pondre \u00e0 toutes vos questions, \u00e0 travers cet outil de communication.<\/p><p>Chers Internautes,<\/p><p>Ce site est le v\u00f4tre. Il est le fruit d\u2019un travail d\u2019\u00e9quipe. Conscient de l\u2019int\u00e9r\u00eat que vous en porterez, nous nous tenons \u00e0 votre disposition, pour vos observations et remarques qui seront d\u2019une grande utilit\u00e9 pour nous, en vue de bonifier notre travail.<\/p><p>Je voudrais sur ces propos, vous remercier pour l\u2019int\u00e9r\u00eat que vous portez \u00e0 notre Direction G\u00e9n\u00e9rale \u00e0 travers ce site !<\/p><p>Bonne navigation.<\/p><p><strong>M. BAMBA Seydou<\/strong>, Directeur G\u00e9n\u00e9ral du Portefeuille de l\u2019Etat<\/p>\t\t\t\t\t\t\t\t<\/div>\n\t\t\t\t<\/div>\n\t\t\t\t\t<\/div>\n\t\t<\/div>\n\t\t\t\t\t<\/div>\n\t\t<\/section>\n\t\t\t\t<\/div>\n\t\t","protected":false},"excerpt":{"rendered":"<p>Mots du DG BAMBA Seydou \u00ab\u00a0La recherche de l\u2019excellence, dans l\u2019ex\u00e9cution de nos missions strat\u00e9giques, et le dialogue permanent et constructif avec les entreprises du portefeuille et les autres acteurs intervenant, directement ou indirectement dans la gestion des participations publiques, nous enjoint d\u2019adapter nos informations, avec une architecture bien \u00e9tablie [&hellip;]<\/p>\n","protected":false},"author":1,"featured_media":0,"parent":0,"menu_order":0,"comment_status":"closed","ping_status":"closed","template":"elementor_header_footer","meta":{"footnotes":""},"class_list":["post-2415","page","type-page","status-publish","hentry"],"_links":{"self":[{"href":"https:\/\/dgpe.gouv.ci\/fr\/wp-json\/wp\/v2\/pages\/2415","targetHints":{"allow":["GET"]}}],"collection":[{"href":"https:\/\/dgpe.gouv.ci\/fr\/wp-json\/wp\/v2\/pages"}],"about":[{"href":"https:\/\/dgpe.gouv.ci\/fr\/wp-json\/wp\/v2\/types\/page"}],"author":[{"embeddable":true,"href":"https:\/\/dgpe.gouv.ci\/fr\/wp-json\/wp\/v2\/users\/1"}],"replies":[{"embeddable":true,"href":"https:\/\/dgpe.gouv.ci\/fr\/wp-json\/wp\/v2\/comments?post=2415"}],"version-history":[{"count":0,"href":"https:\/\/dgpe.gouv.ci\/fr\/wp-json\/wp\/v2\/pages\/2415\/revisions"}],"wp:attachment":[{"href":"https:\/\/dgpe.gouv.ci\/fr\/wp-json\/wp\/v2\/media?parent=2415"}],"curies":[{"name":"wp","href":"https:\/\/api.w.org\/{rel}","templated":true}]}}