{"id":2562,"date":"2021-12-09T01:31:55","date_gmt":"2021-12-09T01:31:55","guid":{"rendered":"https:\/\/dgpe.gouv.ci\/fr\/?page_id=2562"},"modified":"2022-03-14T15:45:16","modified_gmt":"2022-03-14T15:45:16","slug":"notre-equipe","status":"publish","type":"page","link":"https:\/\/dgpe.gouv.ci\/fr\/notre-equipe\/","title":{"rendered":"Notre Equipe"},"content":{"rendered":"\t\t<div data-elementor-type=\"wp-page\" data-elementor-id=\"2562\" class=\"elementor elementor-2562\" data-elementor-post-type=\"page\">\n\t\t\t\t\t\t<section data-exad-particle-enable=\"false\" class=\"elementor-section elementor-top-section elementor-element elementor-element-429001b4 elementor-section-stretched elementor-section-boxed elementor-section-height-default elementor-section-height-default exad-parallax-effect-no exad-background-color-change-no exad-glass-effect-no exad-sticky-section-no\" data-id=\"429001b4\" data-element_type=\"section\" data-e-type=\"section\" data-settings=\"{&quot;stretch_section&quot;:&quot;section-stretched&quot;}\">\n\t\t\t\t\t\t<div class=\"elementor-container elementor-column-gap-default\">\n\t\t\t\t\t<div class=\"elementor-column elementor-col-100 elementor-top-column elementor-element elementor-element-17155ee6 exad-glass-effect-no exad-sticky-section-no\" data-id=\"17155ee6\" data-element_type=\"column\" data-e-type=\"column\">\n\t\t\t<div class=\"elementor-widget-wrap elementor-element-populated\">\n\t\t\t\t\t\t<section data-exad-particle-enable=\"false\" class=\"elementor-section elementor-inner-section elementor-element elementor-element-4c754098 elementor-section-boxed elementor-section-height-default elementor-section-height-default exad-parallax-effect-no exad-background-color-change-no exad-glass-effect-no exad-sticky-section-no\" data-id=\"4c754098\" data-element_type=\"section\" data-e-type=\"section\">\n\t\t\t\t\t\t<div class=\"elementor-container elementor-column-gap-no\">\n\t\t\t\t\t<div class=\"elementor-column elementor-col-50 elementor-inner-column elementor-element elementor-element-50248dde exad-glass-effect-no exad-sticky-section-no\" data-id=\"50248dde\" data-element_type=\"column\" data-e-type=\"column\">\n\t\t\t<div class=\"elementor-widget-wrap elementor-element-populated\">\n\t\t\t\t\t\t<div class=\"elementor-element elementor-element-439537b9 gyan-title-st-line-after exad-sticky-section-no exad-glass-effect-no elementor-widget elementor-widget-gyan_title\" data-id=\"439537b9\" data-element_type=\"widget\" data-e-type=\"widget\" data-widget_type=\"gyan_title.default\">\n\t\t\t\t<div class=\"elementor-widget-container\">\n\t\t\t\t\t\t\t<div class=\"gyan-title\">\r\n\t\t\t<div class=\"gyan-title-subtitle\"><span>Notre Equipe<\/span><\/div>\t\t<\/div>\r\n\t\t\t\t\t\t<\/div>\n\t\t\t\t<\/div>\n\t\t\t\t\t<\/div>\n\t\t<\/div>\n\t\t\t\t<div class=\"elementor-column elementor-col-50 elementor-inner-column elementor-element elementor-element-2b9749b1 exad-glass-effect-no exad-sticky-section-no\" data-id=\"2b9749b1\" data-element_type=\"column\" data-e-type=\"column\">\n\t\t\t<div class=\"elementor-widget-wrap elementor-element-populated\">\n\t\t\t\t\t\t\t<\/div>\n\t\t<\/div>\n\t\t\t\t\t<\/div>\n\t\t<\/section>\n\t\t\t\t\t<\/div>\n\t\t<\/div>\n\t\t\t\t\t<\/div>\n\t\t<\/section>\n\t\t\t\t<section data-exad-particle-enable=\"false\" class=\"elementor-section elementor-top-section elementor-element elementor-element-9df5e3d elementor-section-boxed elementor-section-height-default elementor-section-height-default exad-parallax-effect-no exad-background-color-change-no exad-glass-effect-no exad-sticky-section-no\" data-id=\"9df5e3d\" data-element_type=\"section\" data-e-type=\"section\" data-settings=\"{&quot;background_background&quot;:&quot;gradient&quot;}\">\n\t\t\t\t\t\t<div class=\"elementor-container elementor-column-gap-default\">\n\t\t\t\t\t<div class=\"elementor-column elementor-col-33 elementor-top-column elementor-element elementor-element-e8d4e38 exad-glass-effect-no exad-sticky-section-no\" data-id=\"e8d4e38\" data-element_type=\"column\" data-e-type=\"column\">\n\t\t\t<div class=\"elementor-widget-wrap\">\n\t\t\t\t\t\t\t<\/div>\n\t\t<\/div>\n\t\t\t\t<div class=\"elementor-column elementor-col-33 elementor-top-column elementor-element elementor-element-3eb227d exad-glass-effect-no exad-sticky-section-no\" data-id=\"3eb227d\" data-element_type=\"column\" data-e-type=\"column\">\n\t\t\t<div class=\"elementor-widget-wrap elementor-element-populated\">\n\t\t\t\t\t\t<div class=\"elementor-element elementor-element-098d945 elementor-grid-1 animated-slow elementor-grid-tablet-2 elementor-grid-mobile-1 exad-glass-effect-no elementor-invisible elementor-widget elementor-widget-gyan_team\" data-id=\"098d945\" data-element_type=\"widget\" data-e-type=\"widget\" data-settings=\"{&quot;columns&quot;:&quot;1&quot;,&quot;_animation&quot;:&quot;zoomInUp&quot;,&quot;columns_tablet&quot;:&quot;2&quot;,&quot;columns_mobile&quot;:&quot;1&quot;}\" data-widget_type=\"gyan_team.default\">\n\t\t\t\t<div class=\"elementor-widget-container\">\n\t\t\t\t\t\r\n         <div class=\"gyan-team gyan-team-098d945\" data-layout=\"grid\" data-rtl=\"false\">\r\n            <div class=\"gyan-team-grid gyan-elementor-grid\">\r\n\r\n            \r\n        \t\t<div class=\"gyan-team-item gyan-grid-item-wrap\">\r\n                    <div class=\"gyan-team-item-inner gyan-grid-item\">\r\n\r\n            \t\t\t<div class=\"gyan-team-image\">\r\n            \t\t\t\t<a href=\"https:\/\/dgpe.gouv.ci\/fr\/notre-equipe\/bamba-seydou\/\" class=\"gyan-team-link gyan-team-img-link\"><\/a><img fetchpriority=\"high\" decoding=\"async\" width=\"480\" height=\"480\" src=\"https:\/\/dgpe.gouv.ci\/fr\/wp-content\/uploads\/2021\/12\/dg_dgpe-1.jpg\" class=\"attachment-full size-full\" alt=\"\" srcset=\"https:\/\/dgpe.gouv.ci\/fr\/wp-content\/uploads\/2021\/12\/dg_dgpe-1.jpg 480w, https:\/\/dgpe.gouv.ci\/fr\/wp-content\/uploads\/2021\/12\/dg_dgpe-1-300x300.jpg 300w, https:\/\/dgpe.gouv.ci\/fr\/wp-content\/uploads\/2021\/12\/dg_dgpe-1-150x150.jpg 150w, https:\/\/dgpe.gouv.ci\/fr\/wp-content\/uploads\/2021\/12\/dg_dgpe-1-90x90.jpg 90w\" sizes=\"(max-width: 480px) 100vw, 480px\" \/>\r\n                                <div class=\"gyan-team-social\">\r\n                \t\t\t\t\t<ul class=\"gyan-ease-transition\">\r\n                                                                                    <li><a href=\"#\" class=\"gyan-icon\" target=\"_blank\"><i aria-hidden=\"true\" class=\"fab fa-twitter\"><\/i><\/a><\/li>\r\n                                                                                                                            <li><a href=\"#\" class=\"gyan-icon\" target=\"_blank\"><i aria-hidden=\"true\" class=\"fab fa-facebook-f\"><\/i><\/a><\/li>\r\n                                                                                                                            <li><a href=\"#\" class=\"gyan-icon\" target=\"_blank\"><i aria-hidden=\"true\" class=\"fab fa-linkedin-in\"><\/i><\/a><\/li>\r\n                                                                                                                            <li><a href=\"#\" class=\"gyan-icon\" target=\"_blank\"><i aria-hidden=\"true\" class=\"fab fa-instagram\"><\/i><\/a><\/li>\r\n                                                        \t\t\t\t\t<\/ul>\r\n                \t\t\t\t<\/div>\r\n\r\n                                                    <\/div>\r\n\r\n                                                    <div class=\"gyan-team-share-icon\"><span><i class=\"fas fa-share-alt\"><\/i><\/span><\/div>\r\n                        \r\n                        <div class=\"gyan-team-content gyan-ease-transition\">\r\n            \t\t\t\t<div class=\"gyan-team-name\"><h6  class=\"gyan-team-name-tag\"><a href=\"https:\/\/dgpe.gouv.ci\/fr\/notre-equipe\/bamba-seydou\/\" class=\"gyan-team-link\">BAMBA Seydou<\/a><\/h6><\/div>\r\n            \t\t\t\t<div class=\"gyan-team-position\">Directeur G\u00e9n\u00e9ral du Portefeuille de l'Etat<\/div>\r\n            \t\t\t<\/div>\r\n        \t\t  <\/div>\r\n                <\/div>\r\n\r\n                        <div class=\"clear\"><\/div>\r\n            <\/div>\r\n        <\/div>\r\n        <div class=\"clear\"><\/div>\r\n\r\n\t\t\t\t\t\t<\/div>\n\t\t\t\t<\/div>\n\t\t\t\t\t<\/div>\n\t\t<\/div>\n\t\t\t\t<div class=\"elementor-column elementor-col-33 elementor-top-column elementor-element elementor-element-1276004 exad-glass-effect-no exad-sticky-section-no\" data-id=\"1276004\" data-element_type=\"column\" data-e-type=\"column\">\n\t\t\t<div class=\"elementor-widget-wrap\">\n\t\t\t\t\t\t\t<\/div>\n\t\t<\/div>\n\t\t\t\t\t<\/div>\n\t\t<\/section>\n\t\t\t\t<section data-exad-particle-enable=\"false\" class=\"elementor-section elementor-top-section elementor-element elementor-element-657f99f elementor-section-boxed elementor-section-height-default elementor-section-height-default exad-glass-effect-no exad-sticky-section-no\" data-id=\"657f99f\" data-element_type=\"section\" data-e-type=\"section\" data-settings=\"{&quot;background_background&quot;:&quot;gradient&quot;}\">\n\t\t\t\t\t\t<div class=\"elementor-container elementor-column-gap-default\">\n\t\t\t\t\t<div class=\"elementor-column elementor-col-100 elementor-top-column elementor-element elementor-element-e0fa32f exad-glass-effect-no exad-sticky-section-no\" data-id=\"e0fa32f\" data-element_type=\"column\" data-e-type=\"column\">\n\t\t\t<div class=\"elementor-widget-wrap elementor-element-populated\">\n\t\t\t\t\t\t<div class=\"elementor-element elementor-element-6508b5d elementor-grid-3 elementor-grid-tablet-2 elementor-grid-mobile-1 exad-sticky-section-no exad-glass-effect-no elementor-invisible elementor-widget elementor-widget-gyan_team\" data-id=\"6508b5d\" data-element_type=\"widget\" data-e-type=\"widget\" data-settings=\"{&quot;_animation&quot;:&quot;bounceIn&quot;,&quot;columns&quot;:&quot;3&quot;,&quot;columns_tablet&quot;:&quot;2&quot;,&quot;columns_mobile&quot;:&quot;1&quot;}\" data-widget_type=\"gyan_team.default\">\n\t\t\t\t<div class=\"elementor-widget-container\">\n\t\t\t\t\t\r\n         <div class=\"gyan-team gyan-team-6508b5d\" data-layout=\"grid\" data-rtl=\"false\">\r\n            <div class=\"gyan-team-grid gyan-elementor-grid\">\r\n\r\n            \r\n        \t\t<div class=\"gyan-team-item gyan-grid-item-wrap\">\r\n                    <div class=\"gyan-team-item-inner gyan-grid-item\">\r\n\r\n            \t\t\t<div class=\"gyan-team-image\">\r\n            \t\t\t\t<a href=\"#\" class=\"gyan-team-link gyan-team-img-link\"><\/a><img decoding=\"async\" width=\"352\" height=\"352\" src=\"https:\/\/dgpe.gouv.ci\/fr\/wp-content\/uploads\/2022\/01\/tiekoro.jpg\" class=\"attachment-full size-full\" alt=\"\" srcset=\"https:\/\/dgpe.gouv.ci\/fr\/wp-content\/uploads\/2022\/01\/tiekoro.jpg 352w, https:\/\/dgpe.gouv.ci\/fr\/wp-content\/uploads\/2022\/01\/tiekoro-300x300.jpg 300w, https:\/\/dgpe.gouv.ci\/fr\/wp-content\/uploads\/2022\/01\/tiekoro-150x150.jpg 150w, https:\/\/dgpe.gouv.ci\/fr\/wp-content\/uploads\/2022\/01\/tiekoro-90x90.jpg 90w\" sizes=\"(max-width: 352px) 100vw, 352px\" \/>\r\n                                <div class=\"gyan-team-social\">\r\n                \t\t\t\t\t<ul class=\"gyan-ease-transition\">\r\n                                                                                    <li><a href=\"#\" class=\"gyan-icon\" target=\"_blank\"><i aria-hidden=\"true\" class=\"fab fa-twitter\"><\/i><\/a><\/li>\r\n                                                                                                                            <li><a href=\"#\" class=\"gyan-icon\" target=\"_blank\"><i aria-hidden=\"true\" class=\"fab fa-facebook-f\"><\/i><\/a><\/li>\r\n                                                                                                                            <li><a href=\"#\" class=\"gyan-icon\" target=\"_blank\"><i aria-hidden=\"true\" class=\"fab fa-linkedin-in\"><\/i><\/a><\/li>\r\n                                                                                                                            <li><a href=\"#\" class=\"gyan-icon\" target=\"_blank\"><i aria-hidden=\"true\" class=\"fab fa-instagram\"><\/i><\/a><\/li>\r\n                                                        \t\t\t\t\t<\/ul>\r\n                \t\t\t\t<\/div>\r\n\r\n                                                    <\/div>\r\n\r\n                                                    <div class=\"gyan-team-share-icon\"><span><i class=\"fas fa-share-alt\"><\/i><\/span><\/div>\r\n                        \r\n                        <div class=\"gyan-team-content gyan-ease-transition\">\r\n            \t\t\t\t<div class=\"gyan-team-name\"><h6  class=\"gyan-team-name-tag\"><a href=\"#\" class=\"gyan-team-link\">DOUMBIA THIEKORO<\/a><\/h6><\/div>\r\n            \t\t\t\t<div class=\"gyan-team-position\">Directeur Strat\u00e9gie et Expertise <br><br><\/div>\r\n            \t\t\t<\/div>\r\n        \t\t  <\/div>\r\n                <\/div>\r\n\r\n            \r\n        \t\t<div class=\"gyan-team-item gyan-grid-item-wrap\">\r\n                    <div class=\"gyan-team-item-inner gyan-grid-item\">\r\n\r\n            \t\t\t<div class=\"gyan-team-image\">\r\n            \t\t\t\t<a href=\"#\" class=\"gyan-team-link gyan-team-img-link\"><\/a><img decoding=\"async\" width=\"352\" height=\"352\" src=\"https:\/\/dgpe.gouv.ci\/fr\/wp-content\/uploads\/2022\/01\/assi.jpg\" class=\"attachment-full size-full\" alt=\"\" srcset=\"https:\/\/dgpe.gouv.ci\/fr\/wp-content\/uploads\/2022\/01\/assi.jpg 352w, https:\/\/dgpe.gouv.ci\/fr\/wp-content\/uploads\/2022\/01\/assi-300x300.jpg 300w, https:\/\/dgpe.gouv.ci\/fr\/wp-content\/uploads\/2022\/01\/assi-150x150.jpg 150w, https:\/\/dgpe.gouv.ci\/fr\/wp-content\/uploads\/2022\/01\/assi-90x90.jpg 90w\" sizes=\"(max-width: 352px) 100vw, 352px\" \/>\r\n                                <div class=\"gyan-team-social\">\r\n                \t\t\t\t\t<ul class=\"gyan-ease-transition\">\r\n                                                                                    <li><a href=\"#\" class=\"gyan-icon\" target=\"_blank\"><i aria-hidden=\"true\" class=\"fab fa-twitter\"><\/i><\/a><\/li>\r\n                                                                                                                            <li><a href=\"#\" class=\"gyan-icon\" target=\"_blank\"><i aria-hidden=\"true\" class=\"fab fa-facebook-f\"><\/i><\/a><\/li>\r\n                                                                                                                            <li><a href=\"#\" class=\"gyan-icon\" target=\"_blank\"><i aria-hidden=\"true\" class=\"fab fa-linkedin-in\"><\/i><\/a><\/li>\r\n                                                                                                                            <li><a href=\"#\" class=\"gyan-icon\" target=\"_blank\"><i aria-hidden=\"true\" class=\"fab fa-instagram\"><\/i><\/a><\/li>\r\n                                                        \t\t\t\t\t<\/ul>\r\n                \t\t\t\t<\/div>\r\n\r\n                                                    <\/div>\r\n\r\n                                                    <div class=\"gyan-team-share-icon\"><span><i class=\"fas fa-share-alt\"><\/i><\/span><\/div>\r\n                        \r\n                        <div class=\"gyan-team-content gyan-ease-transition\">\r\n            \t\t\t\t<div class=\"gyan-team-name\"><h6  class=\"gyan-team-name-tag\"><a href=\"#\" class=\"gyan-team-link\">ASSI FRANCK<\/a><\/h6><\/div>\r\n            \t\t\t\t<div class=\"gyan-team-position\">Directeur Portefeuille Secteurs primaire & secondaire<\/div>\r\n            \t\t\t<\/div>\r\n        \t\t  <\/div>\r\n                <\/div>\r\n\r\n            \r\n        \t\t<div class=\"gyan-team-item gyan-grid-item-wrap\">\r\n                    <div class=\"gyan-team-item-inner gyan-grid-item\">\r\n\r\n            \t\t\t<div class=\"gyan-team-image\">\r\n            \t\t\t\t<a href=\"#\" class=\"gyan-team-link gyan-team-img-link\"><\/a><img loading=\"lazy\" decoding=\"async\" width=\"352\" height=\"352\" src=\"https:\/\/dgpe.gouv.ci\/fr\/wp-content\/uploads\/2022\/01\/prosper.jpg\" class=\"attachment-full size-full\" alt=\"\" srcset=\"https:\/\/dgpe.gouv.ci\/fr\/wp-content\/uploads\/2022\/01\/prosper.jpg 352w, https:\/\/dgpe.gouv.ci\/fr\/wp-content\/uploads\/2022\/01\/prosper-300x300.jpg 300w, https:\/\/dgpe.gouv.ci\/fr\/wp-content\/uploads\/2022\/01\/prosper-150x150.jpg 150w, https:\/\/dgpe.gouv.ci\/fr\/wp-content\/uploads\/2022\/01\/prosper-90x90.jpg 90w\" sizes=\"(max-width: 352px) 100vw, 352px\" \/>\r\n                                <div class=\"gyan-team-social\">\r\n                \t\t\t\t\t<ul class=\"gyan-ease-transition\">\r\n                                                                                    <li><a href=\"#\" class=\"gyan-icon\" target=\"_blank\"><i aria-hidden=\"true\" class=\"fab fa-twitter\"><\/i><\/a><\/li>\r\n                                                                                                                            <li><a href=\"#\" class=\"gyan-icon\" target=\"_blank\"><i aria-hidden=\"true\" class=\"fab fa-facebook-f\"><\/i><\/a><\/li>\r\n                                                                                                                            <li><a href=\"#\" class=\"gyan-icon\" target=\"_blank\"><i aria-hidden=\"true\" class=\"fab fa-linkedin-in\"><\/i><\/a><\/li>\r\n                                                                                                                            <li><a href=\"#\" class=\"gyan-icon\" target=\"_blank\"><i aria-hidden=\"true\" class=\"fab fa-instagram\"><\/i><\/a><\/li>\r\n                                                        \t\t\t\t\t<\/ul>\r\n                \t\t\t\t<\/div>\r\n\r\n                                                    <\/div>\r\n\r\n                                                    <div class=\"gyan-team-share-icon\"><span><i class=\"fas fa-share-alt\"><\/i><\/span><\/div>\r\n                        \r\n                        <div class=\"gyan-team-content gyan-ease-transition\">\r\n            \t\t\t\t<div class=\"gyan-team-name\"><h6  class=\"gyan-team-name-tag\"><a href=\"#\" class=\"gyan-team-link\">TOURE PROSPER<\/a><\/h6><\/div>\r\n            \t\t\t\t<div class=\"gyan-team-position\">Directeur du Portefeuille Secteur tertiaire<br><br><\/div>\r\n            \t\t\t<\/div>\r\n        \t\t  <\/div>\r\n                <\/div>\r\n\r\n            \r\n        \t\t<div class=\"gyan-team-item gyan-grid-item-wrap\">\r\n                    <div class=\"gyan-team-item-inner gyan-grid-item\">\r\n\r\n            \t\t\t<div class=\"gyan-team-image\">\r\n            \t\t\t\t<a href=\"#\" class=\"gyan-team-link gyan-team-img-link\"><\/a><img loading=\"lazy\" decoding=\"async\" width=\"352\" height=\"352\" src=\"https:\/\/dgpe.gouv.ci\/fr\/wp-content\/uploads\/2022\/01\/Stephane.jpg\" class=\"attachment-full size-full\" alt=\"\" srcset=\"https:\/\/dgpe.gouv.ci\/fr\/wp-content\/uploads\/2022\/01\/Stephane.jpg 352w, https:\/\/dgpe.gouv.ci\/fr\/wp-content\/uploads\/2022\/01\/Stephane-300x300.jpg 300w, https:\/\/dgpe.gouv.ci\/fr\/wp-content\/uploads\/2022\/01\/Stephane-150x150.jpg 150w, https:\/\/dgpe.gouv.ci\/fr\/wp-content\/uploads\/2022\/01\/Stephane-90x90.jpg 90w\" sizes=\"(max-width: 352px) 100vw, 352px\" \/>\r\n                                <div class=\"gyan-team-social\">\r\n                \t\t\t\t\t<ul class=\"gyan-ease-transition\">\r\n                                                                                    <li><a href=\"#\" class=\"gyan-icon\" target=\"_blank\"><i aria-hidden=\"true\" class=\"fab fa-twitter\"><\/i><\/a><\/li>\r\n                                                                                                                            <li><a href=\"#\" class=\"gyan-icon\" target=\"_blank\"><i aria-hidden=\"true\" class=\"fab fa-facebook-f\"><\/i><\/a><\/li>\r\n                                                                                                                            <li><a href=\"#\" class=\"gyan-icon\" target=\"_blank\"><i aria-hidden=\"true\" class=\"fab fa-linkedin-in\"><\/i><\/a><\/li>\r\n                                                                                                                            <li><a href=\"#\" class=\"gyan-icon\" target=\"_blank\"><i aria-hidden=\"true\" class=\"fab fa-instagram\"><\/i><\/a><\/li>\r\n                                                        \t\t\t\t\t<\/ul>\r\n                \t\t\t\t<\/div>\r\n\r\n                                                    <\/div>\r\n\r\n                                                    <div class=\"gyan-team-share-icon\"><span><i class=\"fas fa-share-alt\"><\/i><\/span><\/div>\r\n                        \r\n                        <div class=\"gyan-team-content gyan-ease-transition\">\r\n            \t\t\t\t<div class=\"gyan-team-name\"><h6  class=\"gyan-team-name-tag\"><a href=\"#\" class=\"gyan-team-link\">M. ANGORA N'DIAMOI STEPHANE<\/a><\/h6><\/div>\r\n            \t\t\t\t<div class=\"gyan-team-position\">Conseiller Technique<\/div>\r\n            \t\t\t<\/div>\r\n        \t\t  <\/div>\r\n                <\/div>\r\n\r\n                        <div class=\"clear\"><\/div>\r\n            <\/div>\r\n        <\/div>\r\n        <div class=\"clear\"><\/div>\r\n\r\n\t\t\t\t\t\t<\/div>\n\t\t\t\t<\/div>\n\t\t\t\t\t<\/div>\n\t\t<\/div>\n\t\t\t\t\t<\/div>\n\t\t<\/section>\n\t\t\t\t<\/div>\n\t\t","protected":false},"excerpt":{"rendered":"<p>Notre Equipe BAMBA Seydou Directeur G\u00e9n\u00e9ral du Portefeuille de l&rsquo;Etat DOUMBIA THIEKORO Directeur Strat\u00e9gie et Expertise ASSI FRANCK Directeur Portefeuille Secteurs primaire &#038; secondaire TOURE PROSPER Directeur du Portefeuille Secteur tertiaire M. ANGORA N&rsquo;DIAMOI STEPHANE Conseiller Technique<\/p>\n","protected":false},"author":1,"featured_media":0,"parent":0,"menu_order":0,"comment_status":"closed","ping_status":"closed","template":"elementor_header_footer","meta":{"footnotes":""},"class_list":["post-2562","page","type-page","status-publish","hentry"],"_links":{"self":[{"href":"https:\/\/dgpe.gouv.ci\/fr\/wp-json\/wp\/v2\/pages\/2562","targetHints":{"allow":["GET"]}}],"collection":[{"href":"https:\/\/dgpe.gouv.ci\/fr\/wp-json\/wp\/v2\/pages"}],"about":[{"href":"https:\/\/dgpe.gouv.ci\/fr\/wp-json\/wp\/v2\/types\/page"}],"author":[{"embeddable":true,"href":"https:\/\/dgpe.gouv.ci\/fr\/wp-json\/wp\/v2\/users\/1"}],"replies":[{"embeddable":true,"href":"https:\/\/dgpe.gouv.ci\/fr\/wp-json\/wp\/v2\/comments?post=2562"}],"version-history":[{"count":0,"href":"https:\/\/dgpe.gouv.ci\/fr\/wp-json\/wp\/v2\/pages\/2562\/revisions"}],"wp:attachment":[{"href":"https:\/\/dgpe.gouv.ci\/fr\/wp-json\/wp\/v2\/media?parent=2562"}],"curies":[{"name":"wp","href":"https:\/\/api.w.org\/{rel}","templated":true}]}}