{"id":2630,"date":"2021-12-09T23:58:41","date_gmt":"2021-12-09T23:58:41","guid":{"rendered":"https:\/\/dgpe.gouv.ci\/fr\/?page_id=2630"},"modified":"2021-12-10T00:25:31","modified_gmt":"2021-12-10T00:25:31","slug":"bamba-seydou","status":"publish","type":"page","link":"https:\/\/dgpe.gouv.ci\/fr\/notre-equipe\/bamba-seydou\/","title":{"rendered":"BAMBA Seydou"},"content":{"rendered":"\t\t<div data-elementor-type=\"wp-page\" data-elementor-id=\"2630\" class=\"elementor elementor-2630\" data-elementor-post-type=\"page\">\n\t\t\t\t\t\t<section data-exad-particle-enable=\"false\" class=\"elementor-section elementor-top-section elementor-element elementor-element-429001b4 elementor-section-stretched elementor-section-boxed elementor-section-height-default elementor-section-height-default exad-parallax-effect-no exad-background-color-change-no exad-glass-effect-no exad-sticky-section-no\" data-id=\"429001b4\" data-element_type=\"section\" data-e-type=\"section\" data-settings=\"{&quot;stretch_section&quot;:&quot;section-stretched&quot;}\">\n\t\t\t\t\t\t<div class=\"elementor-container elementor-column-gap-default\">\n\t\t\t\t\t<div class=\"elementor-column elementor-col-100 elementor-top-column elementor-element elementor-element-17155ee6 exad-glass-effect-no exad-sticky-section-no\" data-id=\"17155ee6\" data-element_type=\"column\" data-e-type=\"column\">\n\t\t\t<div class=\"elementor-widget-wrap elementor-element-populated\">\n\t\t\t\t\t\t<section data-exad-particle-enable=\"false\" class=\"elementor-section elementor-inner-section elementor-element elementor-element-4c754098 elementor-section-boxed elementor-section-height-default elementor-section-height-default exad-parallax-effect-no exad-background-color-change-no exad-glass-effect-no exad-sticky-section-no\" data-id=\"4c754098\" data-element_type=\"section\" data-e-type=\"section\">\n\t\t\t\t\t\t<div class=\"elementor-container elementor-column-gap-no\">\n\t\t\t\t\t<div class=\"elementor-column elementor-col-50 elementor-inner-column elementor-element elementor-element-50248dde exad-glass-effect-no exad-sticky-section-no\" data-id=\"50248dde\" data-element_type=\"column\" data-e-type=\"column\">\n\t\t\t<div class=\"elementor-widget-wrap elementor-element-populated\">\n\t\t\t\t\t\t<div class=\"elementor-element elementor-element-439537b9 gyan-title-st-line-after exad-sticky-section-no exad-glass-effect-no elementor-widget elementor-widget-gyan_title\" data-id=\"439537b9\" data-element_type=\"widget\" data-e-type=\"widget\" data-widget_type=\"gyan_title.default\">\n\t\t\t\t<div class=\"elementor-widget-container\">\n\t\t\t\t\t\t\t<div class=\"gyan-title\">\r\n\t\t\t<div class=\"gyan-title-subtitle\"><span>Notre Equipe<\/span><\/div>\t\t<\/div>\r\n\t\t\t\t\t\t<\/div>\n\t\t\t\t<\/div>\n\t\t\t\t\t<\/div>\n\t\t<\/div>\n\t\t\t\t<div class=\"elementor-column elementor-col-50 elementor-inner-column elementor-element elementor-element-2b9749b1 exad-glass-effect-no exad-sticky-section-no\" data-id=\"2b9749b1\" data-element_type=\"column\" data-e-type=\"column\">\n\t\t\t<div class=\"elementor-widget-wrap elementor-element-populated\">\n\t\t\t\t\t\t\t<\/div>\n\t\t<\/div>\n\t\t\t\t\t<\/div>\n\t\t<\/section>\n\t\t\t\t\t<\/div>\n\t\t<\/div>\n\t\t\t\t\t<\/div>\n\t\t<\/section>\n\t\t\t\t<section data-exad-particle-enable=\"false\" class=\"elementor-section elementor-top-section elementor-element elementor-element-9df5e3d elementor-section-boxed elementor-section-height-default elementor-section-height-default exad-parallax-effect-no exad-background-color-change-no exad-glass-effect-no exad-sticky-section-no\" data-id=\"9df5e3d\" data-element_type=\"section\" data-e-type=\"section\" data-settings=\"{&quot;background_background&quot;:&quot;gradient&quot;}\">\n\t\t\t\t\t\t<div class=\"elementor-container elementor-column-gap-default\">\n\t\t\t\t\t<div class=\"elementor-column elementor-col-100 elementor-top-column elementor-element elementor-element-c0b7b45 exad-glass-effect-no exad-sticky-section-no\" data-id=\"c0b7b45\" data-element_type=\"column\" data-e-type=\"column\">\n\t\t\t<div class=\"elementor-widget-wrap elementor-element-populated\">\n\t\t\t\t\t\t<div class=\"elementor-element elementor-element-6887f61 exad-sticky-section-no exad-glass-effect-no elementor-widget elementor-widget-exad-team-member\" data-id=\"6887f61\" data-element_type=\"widget\" data-e-type=\"widget\" data-widget_type=\"exad-team-member.default\">\n\t\t\t\t<div class=\"elementor-widget-container\">\n\t\t\t\t\t\r\n\t\t<div class=\"exad-team-item\">\r\n\t\t\t<div class=\"exad-team-member exad-center exad-position-top\">\r\n\t\t\t\t\t\t\t\t\t\t\t\t\t\t<div class=\"exad-team-member-thumb style_3\">\r\n\t\t\t\t\t\t\t<img fetchpriority=\"high\" decoding=\"async\" width=\"480\" height=\"480\" src=\"https:\/\/dgpe.gouv.ci\/fr\/wp-content\/uploads\/2021\/12\/dg_dgpe-1.jpg\" class=\"attachment-full size-full wp-image-2601\" alt=\"\" srcset=\"https:\/\/dgpe.gouv.ci\/fr\/wp-content\/uploads\/2021\/12\/dg_dgpe-1.jpg 480w, https:\/\/dgpe.gouv.ci\/fr\/wp-content\/uploads\/2021\/12\/dg_dgpe-1-300x300.jpg 300w, https:\/\/dgpe.gouv.ci\/fr\/wp-content\/uploads\/2021\/12\/dg_dgpe-1-150x150.jpg 150w, https:\/\/dgpe.gouv.ci\/fr\/wp-content\/uploads\/2021\/12\/dg_dgpe-1-90x90.jpg 90w\" sizes=\"(max-width: 480px) 100vw, 480px\" \/>\t\t\t\t\t\t<\/div>\r\n\t\t\t\t\t\r\n\t\t\t\t<div class=\"exad-team-member-content\">\r\n\t\t\t\t\t\t\t\t\t\t\t\t\t\t\t\t<h3 class=\"exad-team-member-name\">\r\n\t\t\t\t\t\t\tBAMBA Seydou\t\t\t\t\t\t<\/h3>\r\n\t\t\t\t\t\r\n\t\t\t\t\t\t\t\t\t\t\t<span class=\"exad-team-member-designation\">\r\n\t\t\t\t\t\tDirecteur G\u00e9n\u00e9ral du Portefeuille de l&#039;Etat\t\t\t\t\t\t<\/span>\r\n\t\t\t\t\t\r\n\t\t\t\t\t\t\t\t\t\t\t\t\t\t\t\r\n\t\t\t\t\t\t\t\t\t\t\t<ul class=\"list-inline exad-team-member-social\">\r\n\t\t\t\t\t\t\t\t\r\n\t\t\t\t\t\t\t\t<li>\r\n\t\t\t\t\t\t\t\t\t<a href=\"#\" target=\"_blank\" class=\"exad-social-icon elementor-repeater-item-9b60d9f\">\r\n\t\t\t\t\t\t\t\t\t\t<i aria-hidden=\"true\" class=\"fab fa-facebook-f\"><\/i>\t\t\t\t\t\t\t\t\t<\/a>\r\n\t\t\t\t\t\t\t\t<\/li>\t\r\n\t\t\t\t\t\t\t\t\r\n\t\t\t\t\t\t\t\t<li>\r\n\t\t\t\t\t\t\t\t\t<a href=\"#\" target=\"_blank\" class=\"exad-social-icon elementor-repeater-item-23cfabe\">\r\n\t\t\t\t\t\t\t\t\t\t<i aria-hidden=\"true\" class=\"fab fa-twitter\"><\/i>\t\t\t\t\t\t\t\t\t<\/a>\r\n\t\t\t\t\t\t\t\t<\/li>\t\r\n\t\t\t\t\t\t\t\t\r\n\t\t\t\t\t\t\t\t<li>\r\n\t\t\t\t\t\t\t\t\t<a href=\"#\" target=\"_blank\" class=\"exad-social-icon elementor-repeater-item-53f8562\">\r\n\t\t\t\t\t\t\t\t\t\t<i aria-hidden=\"true\" class=\"fab fa-linkedin-in\"><\/i>\t\t\t\t\t\t\t\t\t<\/a>\r\n\t\t\t\t\t\t\t\t<\/li>\t\r\n\t\t\t\t\t\t\t\t\r\n\t\t\t\t\t\t\t\t<li>\r\n\t\t\t\t\t\t\t\t\t<a href=\"#\" target=\"_blank\" class=\"exad-social-icon elementor-repeater-item-2398da1\">\r\n\t\t\t\t\t\t\t\t\t\t<i aria-hidden=\"true\" class=\"fab fa-google-plus-g\"><\/i>\t\t\t\t\t\t\t\t\t<\/a>\r\n\t\t\t\t\t\t\t\t<\/li>\t\r\n\t\t\t\t\t\t\t\t\t\t\t\t\t<\/ul>\r\n\t\t\t\t\t\r\n\t\t\t\t<\/div>\r\n\t\t\t\t\t\r\n\t\t\t<\/div>\r\n\t\t<\/div>\t\r\n\t\t\t\t\t\t<\/div>\n\t\t\t\t<\/div>\n\t\t\t\t\t<\/div>\n\t\t<\/div>\n\t\t\t\t\t<\/div>\n\t\t<\/section>\n\t\t\t\t<section data-exad-particle-enable=\"false\" class=\"elementor-section elementor-top-section elementor-element elementor-element-5f0ec60 elementor-section-boxed elementor-section-height-default elementor-section-height-default exad-parallax-effect-no exad-background-color-change-no exad-glass-effect-no exad-sticky-section-no\" data-id=\"5f0ec60\" data-element_type=\"section\" data-e-type=\"section\">\n\t\t\t\t\t\t<div class=\"elementor-container elementor-column-gap-default\">\n\t\t\t\t\t<div class=\"elementor-column elementor-col-100 elementor-top-column elementor-element elementor-element-c84de70 exad-glass-effect-no exad-sticky-section-no\" data-id=\"c84de70\" data-element_type=\"column\" data-e-type=\"column\">\n\t\t\t<div class=\"elementor-widget-wrap elementor-element-populated\">\n\t\t\t\t\t\t<div class=\"elementor-element elementor-element-2f544c5 exad-sticky-section-no exad-glass-effect-no elementor-widget elementor-widget-text-editor\" data-id=\"2f544c5\" data-element_type=\"widget\" data-e-type=\"widget\" data-widget_type=\"text-editor.default\">\n\t\t\t\t<div class=\"elementor-widget-container\">\n\t\t\t\t\t\t\t\t\t<p>Monsieur BAMBA Seydou est Administrateur Principal des Services Financiers. Il a brillamment obtenu le Brevet de l\u2019Ecole Nationale d\u2019Administration (ENA), option Finances G\u00e9n\u00e9rales avec la Mention Bien, apr\u00e8s avoir int\u00e9gr\u00e9 cette \u00e9cole d\u2019excellence par voie de concours. <br \/>Il est titulaire d\u2019un Baccalaur\u00e9at S\u00e9rie D au Lyc\u00e9e Moderne d\u2019Att\u00e9coub\u00e9 avant d\u2019embrasser des \u00e9tudes universitaires, avec \u00e0 la cl\u00e9 une Licence en Droit Public et une Ma\u00eetrise en Droit Carri\u00e8re-Entreprises. .<\/p><p>Monsieur BAMBA Seydou d\u00e9bute sa carri\u00e8re professionnelle en 2000, \u00e0 l\u2019ex-Direction des Participations et de la Privatisation (DPP) avant de gravir les \u00e9chelons \u00e9tapes par \u00e9tapes. Il y apprend et ma\u00eetrise les rouages de la gestion des participations de l\u2019Etat et de la privatisation en y faisant toutes ses classes. Il commence tout au bas de l\u2019\u00e9chelle en tant que Charg\u00e9 d\u2019Etudes, ensuite Chef de Service du Budget, et Sous-Directeur du Contr\u00f4le de Gestion en janvier 2002.<\/p><p>C\u2019est fort de son exp\u00e9rience qui aura fini par convaincre, que Monsieur BAMBA Seydou est nomm\u00e9 au poste ultime de cette Direction, \u00e0 savoir Directeur des Participations et de la Privatisation (DPP) en juin 2011. <\/p><p>D\u00e9sormais \u00e0 la t\u00eate de cette direction cl\u00e9, il a en charge le suivi de toutes les op\u00e9rations relatives \u00e0 la gestion \u00e9conomique, financi\u00e8re, administrative et juridique des soci\u00e9t\u00e9s d\u2019Etat, des soci\u00e9t\u00e9s \u00e0 participation financi\u00e8re publique de droit national et international et des personnes morales de droit priv\u00e9, b\u00e9n\u00e9ficiant du concours financier ou de la garantie de l\u2019Etat.<\/p><p>Le 3 novembre 2016, la Direction des Participations et de la Privatisation a \u00e9t\u00e9 \u00e9rig\u00e9e en DIRECTION GENERALE DU PORTEFEUILLE DE L&rsquo;ETAT, \u00e0 la suite de l&rsquo;adoption par le Conseil des Ministres de l&rsquo;organigramme du Minist\u00e8re aupr\u00e8s du Premier Ministre, charg\u00e9 du Budget et du Portefeuille de l&rsquo;Etat. <br \/>C\u2019est donc \u00e0 la faveur de ce nouvel organigramme que Monsieur BAMBA Seydou est nomm\u00e9 Directeur G\u00e9n\u00e9ral du Portefeuille de l\u2019Etat (DGPE) depuis le 3 novembre 2016. <\/p><p>Il est charg\u00e9, de mani\u00e8re g\u00e9n\u00e9rale, de l\u2019\u00e9laboration et de la mise en \u0153uvre d\u2019une strat\u00e9gie de gestion du portefeuille de l\u2019\u00c9tat, conform\u00e9ment aux objectifs strat\u00e9giques, \u00e9conomiques et sociaux de l\u2019\u00c9tat. Il est aussi charg\u00e9 d\u2019informer la tutelle financi\u00e8re sur la gestion et sur les r\u00e9sultats des entreprises publiques ainsi que de faire la proposition de mesures visant \u00e0 am\u00e9liorer leurs performances.<\/p><p>Outre son r\u00f4le de Directeur G\u00e9n\u00e9ral, Monsieur BAMBA Seydou est Administrateur au sein du Conseil d\u2019Administration de la Soci\u00e9t\u00e9 de Construction du Pont de la Riviera-Marcory (SOCOPRIM), du Fonds d\u2019Entretien Routier (FER), de la Versus Bank et de la Soci\u00e9t\u00e9 des Mines d\u2019Ity (SMI).<\/p><p>Ses responsabilit\u00e9s l\u2019ont \u00e9galement conduit \u00e0 repr\u00e9senter l\u2019\u00c9tat-actionnaire aux Assembl\u00e9es G\u00e9n\u00e9rales des soci\u00e9t\u00e9s d\u2019Etat et soci\u00e9t\u00e9s \u00e0 participation financi\u00e8re publique. Il est \u00e9galement Membre du Comit\u00e9 de Pilotage de l\u2019Audit des Arri\u00e9r\u00e9s de l\u2019Etat et Pr\u00e9sident du Comit\u00e9 Technique charg\u00e9 de d\u00e9terminer la nouvelle structure des prix des produits p\u00e9troliers.<\/p><p>Monsieur BAMBA Seydou est mari\u00e9 et p\u00e8re de quatre (4) enfants.<\/p>\t\t\t\t\t\t\t\t<\/div>\n\t\t\t\t<\/div>\n\t\t\t\t\t<\/div>\n\t\t<\/div>\n\t\t\t\t\t<\/div>\n\t\t<\/section>\n\t\t\t\t<\/div>\n\t\t","protected":false},"excerpt":{"rendered":"<p>Notre Equipe BAMBA Seydou Directeur G\u00e9n\u00e9ral du Portefeuille de l&rsquo;Etat Monsieur BAMBA Seydou est Administrateur Principal des Services Financiers. Il a brillamment obtenu le Brevet de l\u2019Ecole Nationale d\u2019Administration (ENA), option Finances G\u00e9n\u00e9rales avec la Mention Bien, apr\u00e8s avoir int\u00e9gr\u00e9 cette \u00e9cole d\u2019excellence par voie de concours. Il est titulaire [&hellip;]<\/p>\n","protected":false},"author":1,"featured_media":0,"parent":2562,"menu_order":0,"comment_status":"closed","ping_status":"closed","template":"elementor_header_footer","meta":{"footnotes":""},"class_list":["post-2630","page","type-page","status-publish","hentry"],"_links":{"self":[{"href":"https:\/\/dgpe.gouv.ci\/fr\/wp-json\/wp\/v2\/pages\/2630","targetHints":{"allow":["GET"]}}],"collection":[{"href":"https:\/\/dgpe.gouv.ci\/fr\/wp-json\/wp\/v2\/pages"}],"about":[{"href":"https:\/\/dgpe.gouv.ci\/fr\/wp-json\/wp\/v2\/types\/page"}],"author":[{"embeddable":true,"href":"https:\/\/dgpe.gouv.ci\/fr\/wp-json\/wp\/v2\/users\/1"}],"replies":[{"embeddable":true,"href":"https:\/\/dgpe.gouv.ci\/fr\/wp-json\/wp\/v2\/comments?post=2630"}],"version-history":[{"count":0,"href":"https:\/\/dgpe.gouv.ci\/fr\/wp-json\/wp\/v2\/pages\/2630\/revisions"}],"up":[{"embeddable":true,"href":"https:\/\/dgpe.gouv.ci\/fr\/wp-json\/wp\/v2\/pages\/2562"}],"wp:attachment":[{"href":"https:\/\/dgpe.gouv.ci\/fr\/wp-json\/wp\/v2\/media?parent=2630"}],"curies":[{"name":"wp","href":"https:\/\/api.w.org\/{rel}","templated":true}]}}