{"id":2741,"date":"2021-12-10T20:31:40","date_gmt":"2021-12-10T20:31:40","guid":{"rendered":"https:\/\/dgpe.gouv.ci\/fr\/?page_id=2741"},"modified":"2023-03-29T16:25:05","modified_gmt":"2023-03-29T16:25:05","slug":"notre-approche","status":"publish","type":"page","link":"https:\/\/dgpe.gouv.ci\/fr\/notre-approche\/","title":{"rendered":"Notre Approche"},"content":{"rendered":"\t\t<div data-elementor-type=\"wp-page\" data-elementor-id=\"2741\" class=\"elementor elementor-2741\" data-elementor-post-type=\"page\">\n\t\t\t\t\t\t<section data-exad-particle-enable=\"false\" class=\"elementor-section elementor-top-section elementor-element elementor-element-429001b4 elementor-section-stretched elementor-section-boxed elementor-section-height-default elementor-section-height-default exad-parallax-effect-no exad-background-color-change-no exad-glass-effect-no exad-sticky-section-no\" data-id=\"429001b4\" data-element_type=\"section\" data-e-type=\"section\" data-settings=\"{&quot;stretch_section&quot;:&quot;section-stretched&quot;}\">\n\t\t\t\t\t\t<div class=\"elementor-container elementor-column-gap-default\">\n\t\t\t\t\t<div class=\"elementor-column elementor-col-100 elementor-top-column elementor-element elementor-element-17155ee6 exad-glass-effect-no exad-sticky-section-no\" data-id=\"17155ee6\" data-element_type=\"column\" data-e-type=\"column\">\n\t\t\t<div class=\"elementor-widget-wrap elementor-element-populated\">\n\t\t\t\t\t\t<section data-exad-particle-enable=\"false\" class=\"elementor-section elementor-inner-section elementor-element elementor-element-4c754098 elementor-section-boxed elementor-section-height-default elementor-section-height-default exad-parallax-effect-no exad-background-color-change-no exad-glass-effect-no exad-sticky-section-no\" data-id=\"4c754098\" data-element_type=\"section\" data-e-type=\"section\">\n\t\t\t\t\t\t<div class=\"elementor-container elementor-column-gap-no\">\n\t\t\t\t\t<div class=\"elementor-column elementor-col-50 elementor-inner-column elementor-element elementor-element-50248dde exad-glass-effect-no exad-sticky-section-no\" data-id=\"50248dde\" data-element_type=\"column\" data-e-type=\"column\">\n\t\t\t<div class=\"elementor-widget-wrap elementor-element-populated\">\n\t\t\t\t\t\t<div class=\"elementor-element elementor-element-439537b9 gyan-title-st-line-after exad-sticky-section-no exad-glass-effect-no elementor-widget elementor-widget-gyan_title\" data-id=\"439537b9\" data-element_type=\"widget\" data-e-type=\"widget\" data-widget_type=\"gyan_title.default\">\n\t\t\t\t<div class=\"elementor-widget-container\">\n\t\t\t\t\t\t\t<div class=\"gyan-title\">\r\n\t\t\t<div class=\"gyan-title-subtitle\"><span>Approche \u2013 Mesures \u2013 Principes<\/span><\/div><h2 class=\"gyan-title-heading\">Gouvernance<\/h2>\t\t<\/div>\r\n\t\t\t\t\t\t<\/div>\n\t\t\t\t<\/div>\n\t\t\t\t\t<\/div>\n\t\t<\/div>\n\t\t\t\t<div class=\"elementor-column elementor-col-50 elementor-inner-column elementor-element elementor-element-2b9749b1 exad-glass-effect-no exad-sticky-section-no\" data-id=\"2b9749b1\" data-element_type=\"column\" data-e-type=\"column\">\n\t\t\t<div class=\"elementor-widget-wrap elementor-element-populated\">\n\t\t\t\t\t\t\t<\/div>\n\t\t<\/div>\n\t\t\t\t\t<\/div>\n\t\t<\/section>\n\t\t\t\t<div class=\"elementor-element elementor-element-7d24468 exad-sticky-section-no exad-glass-effect-no elementor-widget elementor-widget-gyan_tabs\" data-id=\"7d24468\" data-element_type=\"widget\" data-e-type=\"widget\" data-widget_type=\"gyan_tabs.default\">\n\t\t\t\t<div class=\"elementor-widget-container\">\n\t\t\t\t\t    \t<div id=\"gyan-tabs-7d24468\" class=\"gyan-tabs gyan-tabs-vertical\" data-tabid=\"7d24468\">\n      \t\t<div class=\"gyan-tabs-nav\">\n        \t\t<ul class=\"\">\n        \t    \t        \t      \t\t<li class=\"active-default gyan-ease-transition\">\n                                                                                        <span class=\"gyan-icon gyan-ease-transition \">\n                                                                         <i aria-hidden=\"true\" class=\"fas fa-anchor\"><\/i>        \t\t\t      \t\t\t\t<\/span>\n        \t      \t\t   <span class=\"gyan-tab-title\">Notre Approche<\/span>\n                                                   <\/li>\n        \t      \t        \t      \t\t<li class=\" gyan-ease-transition\">\n                                                                                        <span class=\"gyan-icon gyan-ease-transition \">\n                                                                         <i aria-hidden=\"true\" class=\"far fa-check-square\"><\/i>        \t\t\t      \t\t\t\t<\/span>\n        \t      \t\t   <span class=\"gyan-tab-title\">Mesures Adopt\u00e9es<\/span>\n                                                   <\/li>\n        \t      \t            \t<\/ul>\n      \t\t<\/div>\n      \t\t<div class=\"gyan-tabs-content\">\n      \t\t\t                    <div class=\"active-default\">\n    \t\t      \t\t    \t\t\t\t\t\t\t<h3>Approche<\/h3><p>L\u2019am\u00e9lioration de la gouvernance demeure une des priorit\u00e9s du Gouvernement. Ainsi, par le truchement de la DGPE, l\u2019Etat-actionnaire \u0153uvre constamment pour la mise en place de meilleures pratiques au sein des organes d\u2019administration et de gestion des entreprises publiques.<br \/>Cette intervention s\u2019inscrit non seulement dans le cadre de la pr\u00e9servation des int\u00e9r\u00eats patrimoniaux de l\u2019\u00c9tat, mais \u00e9galement dans la vision du Gouvernement de faire des entreprises publiques, des mod\u00e8les dans les secteurs et industries dans lesquels elles \u00e9voluent.<\/p><p><strong>Ainsi notre approche vise \u00e0 :<\/strong><\/p><ul><li>assurer la mise en place, au sein des entreprises publiques, organes d\u2019administration et de gestion comp\u00e9tents ;<\/li><li>am\u00e9liorer la communication financi\u00e8re des entreprises publiques;<\/li><li>assurer la mise en place de syst\u00e8mes de contr\u00f4le efficaces ;<\/li><li>pr\u00e9venir les choix strat\u00e9giques portant atteinte aux droits de l\u2019Etat-actionnaire ;<\/li><\/ul>    \t\t\t\t\t\t\t                    <\/div>\n    \t\t\t                    <div class=\"\">\n    \t\t      \t\t    \t\t\t\t\t\t\t<p><img decoding=\"async\" class=\"alignnone size-medium wp-image-3531\" src=\"https:\/\/dgpe.gouv.ci\/fr\/wp-content\/uploads\/2022\/04\/Diapositive0.jpg\" alt=\"\" width=\"100%\" height=\"auto\" srcset=\"https:\/\/dgpe.gouv.ci\/fr\/wp-content\/uploads\/2022\/04\/Diapositive0.jpg 1280w, https:\/\/dgpe.gouv.ci\/fr\/wp-content\/uploads\/2022\/04\/Diapositive0-300x169.jpg 300w, https:\/\/dgpe.gouv.ci\/fr\/wp-content\/uploads\/2022\/04\/Diapositive0-1024x576.jpg 1024w, https:\/\/dgpe.gouv.ci\/fr\/wp-content\/uploads\/2022\/04\/Diapositive0-768x432.jpg 768w\" sizes=\"(max-width: 1280px) 100vw, 1280px\" \/> <img decoding=\"async\" class=\"alignnone wp-image-3559 size-medium\" src=\"https:\/\/dgpe.gouv.ci\/fr\/wp-content\/uploads\/2022\/04\/1.jpg\" alt=\"\" width=\"100%\" height=\"auto\" srcset=\"https:\/\/dgpe.gouv.ci\/fr\/wp-content\/uploads\/2022\/04\/1.jpg 1280w, https:\/\/dgpe.gouv.ci\/fr\/wp-content\/uploads\/2022\/04\/1-300x146.jpg 300w, https:\/\/dgpe.gouv.ci\/fr\/wp-content\/uploads\/2022\/04\/1-1024x497.jpg 1024w, https:\/\/dgpe.gouv.ci\/fr\/wp-content\/uploads\/2022\/04\/1-768x373.jpg 768w\" sizes=\"(max-width: 1280px) 100vw, 1280px\" \/> <img decoding=\"async\" class=\"alignnone wp-image-3560 size-medium\" src=\"https:\/\/dgpe.gouv.ci\/fr\/wp-content\/uploads\/2022\/04\/2.jpg\" alt=\"\" width=\"100%\" height=\"auto\" srcset=\"https:\/\/dgpe.gouv.ci\/fr\/wp-content\/uploads\/2022\/04\/2.jpg 1280w, https:\/\/dgpe.gouv.ci\/fr\/wp-content\/uploads\/2022\/04\/2-300x138.jpg 300w, https:\/\/dgpe.gouv.ci\/fr\/wp-content\/uploads\/2022\/04\/2-1024x470.jpg 1024w, https:\/\/dgpe.gouv.ci\/fr\/wp-content\/uploads\/2022\/04\/2-768x353.jpg 768w\" sizes=\"(max-width: 1280px) 100vw, 1280px\" \/> <img decoding=\"async\" class=\"alignnone wp-image-3561 size-medium\" src=\"https:\/\/dgpe.gouv.ci\/fr\/wp-content\/uploads\/2022\/04\/3.jpg\" alt=\"\" width=\"100%\" height=\"auto\" srcset=\"https:\/\/dgpe.gouv.ci\/fr\/wp-content\/uploads\/2022\/04\/3.jpg 1280w, https:\/\/dgpe.gouv.ci\/fr\/wp-content\/uploads\/2022\/04\/3-300x137.jpg 300w, https:\/\/dgpe.gouv.ci\/fr\/wp-content\/uploads\/2022\/04\/3-1024x469.jpg 1024w, https:\/\/dgpe.gouv.ci\/fr\/wp-content\/uploads\/2022\/04\/3-768x352.jpg 768w\" sizes=\"(max-width: 1280px) 100vw, 1280px\" \/> <a href=\"https:\/\/dgpe.gouv.ci\/fr\/wp-content\/uploads\/2022\/12\/7.jpg\"><img fetchpriority=\"high\" decoding=\"async\" class=\"alignnone wp-image-4802 size-full\" src=\"https:\/\/dgpe.gouv.ci\/fr\/wp-content\/uploads\/2022\/12\/7.jpg\" alt=\"\" width=\"1280\" height=\"446\" srcset=\"https:\/\/dgpe.gouv.ci\/fr\/wp-content\/uploads\/2022\/12\/7.jpg 1280w, https:\/\/dgpe.gouv.ci\/fr\/wp-content\/uploads\/2022\/12\/7-300x105.jpg 300w, https:\/\/dgpe.gouv.ci\/fr\/wp-content\/uploads\/2022\/12\/7-1024x357.jpg 1024w, https:\/\/dgpe.gouv.ci\/fr\/wp-content\/uploads\/2022\/12\/7-768x268.jpg 768w\" sizes=\"(max-width: 1280px) 100vw, 1280px\" \/><\/a><\/p>    \t\t\t\t\t\t\t                    <\/div>\n    \t\t\t      \t\t<\/div>\n    \t<\/div>\n\t   \t\t\t\t<\/div>\n\t\t\t\t<\/div>\n\t\t\t\t\t<\/div>\n\t\t<\/div>\n\t\t\t\t\t<\/div>\n\t\t<\/section>\n\t\t\t\t<\/div>\n\t\t","protected":false},"excerpt":{"rendered":"<p>Approche \u2013 Mesures \u2013 Principes Gouvernance Notre Approche Mesures Adopt\u00e9es Approche L\u2019am\u00e9lioration de la gouvernance demeure une des priorit\u00e9s du Gouvernement. Ainsi, par le truchement de la DGPE, l\u2019Etat-actionnaire \u0153uvre constamment pour la mise en place de meilleures pratiques au sein des organes d\u2019administration et de gestion des entreprises publiques.Cette [&hellip;]<\/p>\n","protected":false},"author":1,"featured_media":0,"parent":0,"menu_order":0,"comment_status":"closed","ping_status":"closed","template":"elementor_header_footer","meta":{"footnotes":""},"class_list":["post-2741","page","type-page","status-publish","hentry"],"_links":{"self":[{"href":"https:\/\/dgpe.gouv.ci\/fr\/wp-json\/wp\/v2\/pages\/2741","targetHints":{"allow":["GET"]}}],"collection":[{"href":"https:\/\/dgpe.gouv.ci\/fr\/wp-json\/wp\/v2\/pages"}],"about":[{"href":"https:\/\/dgpe.gouv.ci\/fr\/wp-json\/wp\/v2\/types\/page"}],"author":[{"embeddable":true,"href":"https:\/\/dgpe.gouv.ci\/fr\/wp-json\/wp\/v2\/users\/1"}],"replies":[{"embeddable":true,"href":"https:\/\/dgpe.gouv.ci\/fr\/wp-json\/wp\/v2\/comments?post=2741"}],"version-history":[{"count":0,"href":"https:\/\/dgpe.gouv.ci\/fr\/wp-json\/wp\/v2\/pages\/2741\/revisions"}],"wp:attachment":[{"href":"https:\/\/dgpe.gouv.ci\/fr\/wp-json\/wp\/v2\/media?parent=2741"}],"curies":[{"name":"wp","href":"https:\/\/api.w.org\/{rel}","templated":true}]}}