{"id":2748,"date":"2021-12-10T20:54:20","date_gmt":"2021-12-10T20:54:20","guid":{"rendered":"https:\/\/dgpe.gouv.ci\/fr\/?page_id=2748"},"modified":"2025-11-21T01:46:57","modified_gmt":"2025-11-21T01:46:57","slug":"controle-et-tutelle","status":"publish","type":"page","link":"https:\/\/dgpe.gouv.ci\/fr\/controle-et-tutelle\/","title":{"rendered":"Contr\u00f4le et Tutelle"},"content":{"rendered":"\t\t<div data-elementor-type=\"wp-page\" data-elementor-id=\"2748\" class=\"elementor elementor-2748\" data-elementor-post-type=\"page\">\n\t\t\t\t\t\t<section data-exad-particle-enable=\"false\" class=\"elementor-section elementor-top-section elementor-element elementor-element-6a0fa44 elementor-section-boxed elementor-section-height-default elementor-section-height-default exad-parallax-effect-no exad-background-color-change-no exad-glass-effect-no exad-sticky-section-no\" data-id=\"6a0fa44\" data-element_type=\"section\" data-e-type=\"section\">\n\t\t\t\t\t\t<div class=\"elementor-container elementor-column-gap-default\">\n\t\t\t\t\t<div class=\"elementor-column elementor-col-100 elementor-top-column elementor-element elementor-element-f22e4e5 exad-glass-effect-no exad-sticky-section-no\" data-id=\"f22e4e5\" data-element_type=\"column\" data-e-type=\"column\">\n\t\t\t<div class=\"elementor-widget-wrap elementor-element-populated\">\n\t\t\t\t\t\t<div class=\"elementor-element elementor-element-0eadecc exad-sticky-section-no exad-glass-effect-no elementor-widget elementor-widget-text-editor\" data-id=\"0eadecc\" data-element_type=\"widget\" data-e-type=\"widget\" data-widget_type=\"text-editor.default\">\n\t\t\t\t<div class=\"elementor-widget-container\">\n\t\t\t\t\t\t\t\t\t<p>Le suivi de la gouvernance des entreprises du portefeuille de l\u2019Etat passe, \u00e9galement, par un certain nombre de contr\u00f4les auxquels ces soci\u00e9t\u00e9s sont soumises, conform\u00e9ment aux Lois n\u00b02020-626 du 14 aout 2020 et n\u00b02020-826 du 21 octobre 2020 relatives aux Soci\u00e9t\u00e9s d\u2019Etat et aux Soci\u00e9t\u00e9s \u00e0 Participation Financi\u00e8re Publique.<\/p><p><strong>L\u2019on note ainsi\u00a0:<\/strong><\/p>\t\t\t\t\t\t\t\t<\/div>\n\t\t\t\t<\/div>\n\t\t\t\t\t<\/div>\n\t\t<\/div>\n\t\t\t\t\t<\/div>\n\t\t<\/section>\n\t\t\t\t<section data-exad-particle-enable=\"false\" class=\"elementor-section elementor-top-section elementor-element elementor-element-20be73c elementor-section-boxed elementor-section-height-default elementor-section-height-default exad-parallax-effect-no exad-background-color-change-no exad-glass-effect-no exad-sticky-section-no\" data-id=\"20be73c\" data-element_type=\"section\" data-e-type=\"section\">\n\t\t\t\t\t\t<div class=\"elementor-container elementor-column-gap-default\">\n\t\t\t\t\t<div class=\"elementor-column elementor-col-100 elementor-top-column elementor-element elementor-element-733bbf6 exad-glass-effect-no exad-sticky-section-no\" data-id=\"733bbf6\" data-element_type=\"column\" data-e-type=\"column\">\n\t\t\t<div class=\"elementor-widget-wrap elementor-element-populated\">\n\t\t\t\t\t\t<div class=\"elementor-element elementor-element-a8ad34d gyan-service-list-icon-left gyan-service-list-icon-vertical-middle exad-sticky-section-no exad-glass-effect-no elementor-widget elementor-widget-gyan_service_list\" data-id=\"a8ad34d\" data-element_type=\"widget\" data-e-type=\"widget\" data-widget_type=\"gyan_service_list.default\">\n\t\t\t\t<div class=\"elementor-widget-container\">\n\t\t\t\t\t        <div class=\"gyan-service-list-container gyan-service-list-connector\">\n            <ul class=\"gyan-list-items\">\n                                                            <li class=\"gyan-service-list-item\">\n                            <div class=\"gyan-service-list-item-inner elementor-repeater-item-4a1adb0\">\n                                                                <div class=\"gyan-servicelist-icon-outer\">\n                                        <div class=\"gyan-servicelist-icon-wrapper gyan-ease-transition\">\n\n                                                                                                <span class=\"gyan-service-list-icon gyan-icon \"><i aria-hidden=\"true\" class=\"fas fa-check\"><\/i><\/span>\n    \t\t\t\t\t\t\t\t\t\t\t                                        <\/div>\n                                    <\/div>\n\n                                                                <div class=\"gyan-servicelist-content-wrapper\">\n                                                                <h3 class=\"gyan-service-list-title\">\n                                                                            Le contr\u00f4le parlementaire                                                                    <\/h3>\n                                <div class=\"gyan-service-list-description\">En effet, la DGPE produit, annuellement, un rapport sur la situation \u00e9conomique et financi\u00e8re des soci\u00e9t\u00e9s du portefeuille de l\u2019Etat. Ce rapport est communiqu\u00e9 \u00e0 l\u2019Assembl\u00e9e Nationale, en annexe \u00e0 la Loi des Finances. Elle produit aussi un rapport sur la situation budg\u00e9taire des entit\u00e9s du portefeuille. <\/div>                                                                                            <\/div>\n                            <\/div>\n                        <\/li>\n                                                                                <li class=\"gyan-service-list-item\">\n                            <div class=\"gyan-service-list-item-inner elementor-repeater-item-11ca1cf\">\n                                                                <div class=\"gyan-servicelist-icon-outer\">\n                                        <div class=\"gyan-servicelist-icon-wrapper gyan-ease-transition\">\n\n                                                                                                <span class=\"gyan-service-list-icon gyan-icon \"><i aria-hidden=\"true\" class=\"fas fa-check\"><\/i><\/span>\n    \t\t\t\t\t\t\t\t\t\t\t                                        <\/div>\n                                    <\/div>\n\n                                                                <div class=\"gyan-servicelist-content-wrapper\">\n                                                                <h3 class=\"gyan-service-list-title\">\n                                                                            Le contr\u00f4le juridictionnel                                                                    <\/h3>\n                                <div class=\"gyan-service-list-description\">effectu\u00e9 par la Cour des Comptes.<\/div>                                                                                            <\/div>\n                            <\/div>\n                        <\/li>\n                                                                                <li class=\"gyan-service-list-item\">\n                            <div class=\"gyan-service-list-item-inner elementor-repeater-item-0bac98b\">\n                                                                <div class=\"gyan-servicelist-icon-outer\">\n                                        <div class=\"gyan-servicelist-icon-wrapper gyan-ease-transition\">\n\n                                                                                                <span class=\"gyan-service-list-icon gyan-icon \"><i aria-hidden=\"true\" class=\"fas fa-check\"><\/i><\/span>\n    \t\t\t\t\t\t\t\t\t\t\t                                        <\/div>\n                                    <\/div>\n\n                                                                <div class=\"gyan-servicelist-content-wrapper\">\n                                                                <h3 class=\"gyan-service-list-title\">\n                                                                            Le contr\u00f4le des Commissaires aux Comptes                                                                    <\/h3>\n                                <div class=\"gyan-service-list-description\">\u00e0 travers la certification, par ces derniers, des documents comptables de fin d\u2019exercice et \u00e0 des contr\u00f4les sp\u00e9cifiques justifi\u00e9s par la sp\u00e9cificit\u00e9 de la participation financi\u00e8re publique.<\/div>                                                                                            <\/div>\n                            <\/div>\n                        <\/li>\n                                                <\/ul>\n        <\/div>\n        \t\t\t\t<\/div>\n\t\t\t\t<\/div>\n\t\t\t\t\t<\/div>\n\t\t<\/div>\n\t\t\t\t\t<\/div>\n\t\t<\/section>\n\t\t\t\t<section data-exad-particle-enable=\"false\" class=\"elementor-section elementor-top-section elementor-element elementor-element-ecf078a elementor-section-boxed elementor-section-height-default elementor-section-height-default exad-parallax-effect-no exad-background-color-change-no exad-glass-effect-no exad-sticky-section-no\" data-id=\"ecf078a\" data-element_type=\"section\" data-e-type=\"section\">\n\t\t\t\t\t\t<div class=\"elementor-container elementor-column-gap-default\">\n\t\t\t\t\t<div class=\"elementor-column elementor-col-100 elementor-top-column elementor-element elementor-element-8e41120 exad-glass-effect-no exad-sticky-section-no\" data-id=\"8e41120\" data-element_type=\"column\" data-e-type=\"column\">\n\t\t\t<div class=\"elementor-widget-wrap elementor-element-populated\">\n\t\t\t\t\t\t<div class=\"elementor-element elementor-element-56835f1 exad-sticky-section-no exad-glass-effect-no elementor-widget elementor-widget-spacer\" data-id=\"56835f1\" data-element_type=\"widget\" data-e-type=\"widget\" data-widget_type=\"spacer.default\">\n\t\t\t\t<div class=\"elementor-widget-container\">\n\t\t\t\t\t\t\t<div class=\"elementor-spacer\">\n\t\t\t<div class=\"elementor-spacer-inner\"><\/div>\n\t\t<\/div>\n\t\t\t\t\t\t<\/div>\n\t\t\t\t<\/div>\n\t\t\t\t\t<\/div>\n\t\t<\/div>\n\t\t\t\t\t<\/div>\n\t\t<\/section>\n\t\t\t\t<\/div>\n\t\t","protected":false},"excerpt":{"rendered":"<p>Le suivi de la gouvernance des entreprises du portefeuille de l\u2019Etat passe, \u00e9galement, par un certain nombre de contr\u00f4les auxquels ces soci\u00e9t\u00e9s sont soumises, conform\u00e9ment aux Lois n\u00b02020-626 du 14 aout 2020 et n\u00b02020-826 du 21 octobre 2020 relatives aux Soci\u00e9t\u00e9s d\u2019Etat et aux Soci\u00e9t\u00e9s \u00e0 Participation Financi\u00e8re Publique. L\u2019on [&hellip;]<\/p>\n","protected":false},"author":1,"featured_media":0,"parent":0,"menu_order":0,"comment_status":"closed","ping_status":"closed","template":"elementor_header_footer","meta":{"footnotes":""},"class_list":["post-2748","page","type-page","status-publish","hentry"],"_links":{"self":[{"href":"https:\/\/dgpe.gouv.ci\/fr\/wp-json\/wp\/v2\/pages\/2748","targetHints":{"allow":["GET"]}}],"collection":[{"href":"https:\/\/dgpe.gouv.ci\/fr\/wp-json\/wp\/v2\/pages"}],"about":[{"href":"https:\/\/dgpe.gouv.ci\/fr\/wp-json\/wp\/v2\/types\/page"}],"author":[{"embeddable":true,"href":"https:\/\/dgpe.gouv.ci\/fr\/wp-json\/wp\/v2\/users\/1"}],"replies":[{"embeddable":true,"href":"https:\/\/dgpe.gouv.ci\/fr\/wp-json\/wp\/v2\/comments?post=2748"}],"version-history":[{"count":3,"href":"https:\/\/dgpe.gouv.ci\/fr\/wp-json\/wp\/v2\/pages\/2748\/revisions"}],"predecessor-version":[{"id":16181,"href":"https:\/\/dgpe.gouv.ci\/fr\/wp-json\/wp\/v2\/pages\/2748\/revisions\/16181"}],"wp:attachment":[{"href":"https:\/\/dgpe.gouv.ci\/fr\/wp-json\/wp\/v2\/media?parent=2748"}],"curies":[{"name":"wp","href":"https:\/\/api.w.org\/{rel}","templated":true}]}}