{"id":3758,"date":"2022-06-26T14:11:03","date_gmt":"2022-06-26T14:11:03","guid":{"rendered":"https:\/\/dgpe.gouv.ci\/fr\/?page_id=3758"},"modified":"2022-09-12T10:49:42","modified_gmt":"2022-09-12T10:49:42","slug":"espace-reserve","status":"publish","type":"page","link":"https:\/\/dgpe.gouv.ci\/fr\/espace-reserve\/","title":{"rendered":"Espace reserv\u00e9"},"content":{"rendered":"\t\t<div data-elementor-type=\"wp-page\" data-elementor-id=\"3758\" class=\"elementor elementor-3758\" data-elementor-post-type=\"page\">\n\t\t\t\t\t\t<section data-exad-particle-enable=\"false\" class=\"elementor-section elementor-top-section elementor-element elementor-element-e2076f8 elementor-section-boxed elementor-section-height-default elementor-section-height-default exad-parallax-effect-no exad-glass-effect-no exad-sticky-section-no\" data-id=\"e2076f8\" data-element_type=\"section\" data-e-type=\"section\" data-settings=\"{&quot;background_background&quot;:&quot;classic&quot;}\">\n\t\t\t\t\t\t<div class=\"elementor-container elementor-column-gap-default\">\n\t\t\t\t\t<div class=\"elementor-column elementor-col-33 elementor-top-column elementor-element elementor-element-b1466b7 exad-glass-effect-no\" data-id=\"b1466b7\" data-element_type=\"column\" data-e-type=\"column\" data-settings=\"{&quot;background_background&quot;:&quot;classic&quot;}\">\n\t\t\t<div class=\"elementor-widget-wrap\">\n\t\t\t\t\t\t\t<\/div>\n\t\t<\/div>\n\t\t\t\t<div class=\"elementor-column elementor-col-33 elementor-top-column elementor-element elementor-element-b5d6e0b exad-glass-effect-no exad-sticky-section-no\" data-id=\"b5d6e0b\" data-element_type=\"column\" data-e-type=\"column\">\n\t\t\t<div class=\"elementor-widget-wrap elementor-element-populated\">\n\t\t\t\t\t\t<div class=\"elementor-element elementor-element-52432ba exad-sticky-section-no exad-glass-effect-no elementor-widget elementor-widget-exad-login-register\" data-id=\"52432ba\" data-element_type=\"widget\" data-e-type=\"widget\" data-widget_type=\"exad-login-register.default\">\n\t\t\t\t<div class=\"elementor-widget-container\">\n\t\t\t\t\t\n        <div class=\"exad-login-register\">\n                            <div class=\"exad-login-register-heading exad-login-heading-center\">\n                                            <span class=\"exad-login-register-icon no\">\n                            <i aria-hidden=\"true\" class=\"remixicon ri-rotate-lock-fill\"><\/i>                        <\/span>\n                                                                <h3 class=\"exad-login-register_heading-text\">\n                            Acces Control                        <\/h3>\n                                    <\/div>\n                        <!-- esc_url( site_url( 'wp-login.php', 'login_post' ) ) -->\n            <form class=\"exad-login-registration-form\" method=\"post\">   \n                <input type=\"hidden\" name=\"redirect_to\" value=\"https:\/\/dgpe.gouv.ci\/fr\/espace-reserve\/knowledge-navigator\/\">\n                <div class=\"exad-login-register-wrapper\">\n                    <div input=\"required\" class=\"exad-login-register-field-item\" aria-required=\"required\">\n                        <label for=\"user\">Espace Reserv\u00e9<\/label><input type=\"text\" name=\"log\" id=\"user\" class=\"exad-login-register-input-field\" placeholder=\"Nom d&#039;utilisateur\">                                            <\/div>\n                    <div input=\"required\" class=\"exad-login-register-field-item\" aria-required=\"required\">\n                        <label for=\"password\"><\/label><input type=\"password\" name=\"pwd\" id=\"password\" class=\"exad-login-register-password-field\" placeholder=\"Mot de Passe\">                                            <\/div>\n\n                    \n                    <div class=\"exad-login-register-submit-button-wrapper exad-submit-button-center\">\n                        <button name=\"exad-login-submit\" type=\"submit\" class=\"exad-login-register-submit-button\">\n                                                            <span class=\"exad-login-register-button-text\">Acc\u00e9der \u00e0 l&#039;Espace Reserv\u00e9<\/span>\n                                                    <\/button>\n                        <input type=\"hidden\" id=\"exad-login-nonce\" name=\"exad-login-nonce\" value=\"95194d4c13\" \/><input type=\"hidden\" name=\"_wp_http_referer\" value=\"\/fr\/wp-json\/wp\/v2\/pages\/3758\" \/>                    <\/div>\n\n                    \n                        <div class=\"exad-login-register-remember\">\n                                                        <\/div><\/div><\/form><\/div>\t\t\t\t<\/div>\n\t\t\t\t<\/div>\n\t\t\t\t\t<\/div>\n\t\t<\/div>\n\t\t\t\t<div class=\"elementor-column elementor-col-33 elementor-top-column elementor-element elementor-element-cda4f00 exad-glass-effect-no exad-sticky-section-no\" data-id=\"cda4f00\" data-element_type=\"column\" data-e-type=\"column\" data-settings=\"{&quot;background_background&quot;:&quot;classic&quot;}\">\n\t\t\t<div class=\"elementor-widget-wrap\">\n\t\t\t\t\t\t\t<\/div>\n\t\t<\/div>\n\t\t\t\t\t<\/div>\n\t\t<\/section>\n\t\t\t\t<\/div>\n\t\t","protected":false},"excerpt":{"rendered":"<p>You are Logged in as admin (Logout)<\/p>\n","protected":false},"author":1,"featured_media":0,"parent":0,"menu_order":0,"comment_status":"closed","ping_status":"closed","template":"elementor_header_footer","meta":{"footnotes":""},"class_list":["post-3758","page","type-page","status-publish","hentry"],"_links":{"self":[{"href":"https:\/\/dgpe.gouv.ci\/fr\/wp-json\/wp\/v2\/pages\/3758","targetHints":{"allow":["GET"]}}],"collection":[{"href":"https:\/\/dgpe.gouv.ci\/fr\/wp-json\/wp\/v2\/pages"}],"about":[{"href":"https:\/\/dgpe.gouv.ci\/fr\/wp-json\/wp\/v2\/types\/page"}],"author":[{"embeddable":true,"href":"https:\/\/dgpe.gouv.ci\/fr\/wp-json\/wp\/v2\/users\/1"}],"replies":[{"embeddable":true,"href":"https:\/\/dgpe.gouv.ci\/fr\/wp-json\/wp\/v2\/comments?post=3758"}],"version-history":[{"count":0,"href":"https:\/\/dgpe.gouv.ci\/fr\/wp-json\/wp\/v2\/pages\/3758\/revisions"}],"wp:attachment":[{"href":"https:\/\/dgpe.gouv.ci\/fr\/wp-json\/wp\/v2\/media?parent=3758"}],"curies":[{"name":"wp","href":"https:\/\/api.w.org\/{rel}","templated":true}]}}