{"id":9416,"date":"2023-01-26T11:50:47","date_gmt":"2023-01-26T11:50:47","guid":{"rendered":"https:\/\/dgpe.gouv.ci\/fr\/?page_id=9416"},"modified":"2025-03-17T04:25:25","modified_gmt":"2025-03-17T04:25:25","slug":"liste-des-agences-dexecutions","status":"publish","type":"page","link":"https:\/\/dgpe.gouv.ci\/fr\/liste-des-agences-dexecutions\/","title":{"rendered":"Liste des Agences d&rsquo;Ex\u00e9cutions"},"content":{"rendered":"\t\t<div data-elementor-type=\"wp-page\" data-elementor-id=\"9416\" class=\"elementor elementor-9416\" data-elementor-post-type=\"page\">\n\t\t\t\t\t\t<section data-exad-particle-enable=\"false\" class=\"elementor-section elementor-top-section elementor-element elementor-element-4b98ed26 elementor-section-boxed elementor-section-height-default elementor-section-height-default exad-parallax-effect-no exad-background-color-change-no exad-glass-effect-no exad-sticky-section-no\" data-id=\"4b98ed26\" data-element_type=\"section\" data-e-type=\"section\">\n\t\t\t\t\t\t<div class=\"elementor-container elementor-column-gap-default\">\n\t\t\t\t\t<div class=\"elementor-column elementor-col-100 elementor-top-column elementor-element elementor-element-545a65f exad-glass-effect-no exad-sticky-section-no\" data-id=\"545a65f\" data-element_type=\"column\" data-e-type=\"column\">\n\t\t\t<div class=\"elementor-widget-wrap\">\n\t\t\t\t\t\t\t<\/div>\n\t\t<\/div>\n\t\t\t\t\t<\/div>\n\t\t<\/section>\n\t\t\t\t<section data-exad-particle-enable=\"false\" class=\"elementor-section elementor-top-section elementor-element elementor-element-2c5cd70 elementor-section-stretched elementor-section-boxed elementor-section-height-default elementor-section-height-default exad-parallax-effect-no exad-background-color-change-no exad-glass-effect-no exad-sticky-section-no\" data-id=\"2c5cd70\" data-element_type=\"section\" data-e-type=\"section\" data-settings=\"{&quot;stretch_section&quot;:&quot;section-stretched&quot;}\">\n\t\t\t\t\t\t<div class=\"elementor-container elementor-column-gap-default\">\n\t\t\t\t\t<div class=\"elementor-column elementor-col-100 elementor-top-column elementor-element elementor-element-9b92a92 exad-glass-effect-no exad-sticky-section-no\" data-id=\"9b92a92\" data-element_type=\"column\" data-e-type=\"column\">\n\t\t\t<div class=\"elementor-widget-wrap elementor-element-populated\">\n\t\t\t\t\t\t<section data-exad-particle-enable=\"false\" class=\"elementor-section elementor-inner-section elementor-element elementor-element-f2653d8 elementor-section-boxed elementor-section-height-default elementor-section-height-default exad-parallax-effect-no exad-background-color-change-no exad-glass-effect-no exad-sticky-section-no\" data-id=\"f2653d8\" data-element_type=\"section\" data-e-type=\"section\">\n\t\t\t\t\t\t<div class=\"elementor-container elementor-column-gap-no\">\n\t\t\t\t\t<div class=\"elementor-column elementor-col-50 elementor-inner-column elementor-element elementor-element-ea84b3e exad-glass-effect-no exad-sticky-section-no\" data-id=\"ea84b3e\" data-element_type=\"column\" data-e-type=\"column\">\n\t\t\t<div class=\"elementor-widget-wrap elementor-element-populated\">\n\t\t\t\t\t\t<div class=\"elementor-element elementor-element-9e814b4 gyan-title-st-line-after exad-sticky-section-no exad-glass-effect-no elementor-widget elementor-widget-gyan_title\" data-id=\"9e814b4\" data-element_type=\"widget\" data-e-type=\"widget\" data-widget_type=\"gyan_title.default\">\n\t\t\t\t<div class=\"elementor-widget-container\">\n\t\t\t\t\t\t\t<div class=\"gyan-title\">\r\n\t\t\t<div class=\"gyan-title-subtitle\"><span>C\u00f4te d'Ivoire<\/span><\/div><h2 class=\"gyan-title-heading\">Agences<\/h2>\t\t<\/div>\r\n\t\t\t\t\t\t<\/div>\n\t\t\t\t<\/div>\n\t\t\t\t\t<\/div>\n\t\t<\/div>\n\t\t\t\t<div class=\"elementor-column elementor-col-50 elementor-inner-column elementor-element elementor-element-ba1aff6 exad-glass-effect-no exad-sticky-section-no\" data-id=\"ba1aff6\" data-element_type=\"column\" data-e-type=\"column\">\n\t\t\t<div class=\"elementor-widget-wrap elementor-element-populated\">\n\t\t\t\t\t\t\t<\/div>\n\t\t<\/div>\n\t\t\t\t\t<\/div>\n\t\t<\/section>\n\t\t\t\t\t<\/div>\n\t\t<\/div>\n\t\t\t\t\t<\/div>\n\t\t<\/section>\n\t\t\t\t<section data-exad-particle-enable=\"false\" class=\"elementor-section elementor-top-section elementor-element elementor-element-1af90c7 elementor-section-boxed elementor-section-height-default elementor-section-height-default exad-parallax-effect-no exad-background-color-change-no exad-glass-effect-no exad-sticky-section-no\" data-id=\"1af90c7\" data-element_type=\"section\" data-e-type=\"section\">\n\t\t\t\t\t\t<div class=\"elementor-container elementor-column-gap-default\">\n\t\t\t\t\t<div class=\"elementor-column elementor-col-100 elementor-top-column elementor-element elementor-element-8eae875 exad-glass-effect-no exad-sticky-section-no\" data-id=\"8eae875\" data-element_type=\"column\" data-e-type=\"column\">\n\t\t\t<div class=\"elementor-widget-wrap elementor-element-populated\">\n\t\t\t\t\t\t<div class=\"elementor-element elementor-element-195d68b exad-sticky-section-no exad-glass-effect-no elementor-widget elementor-widget-exad-filterable-gallery\" data-id=\"195d68b\" data-element_type=\"widget\" data-e-type=\"widget\" data-widget_type=\"exad-filterable-gallery.default\">\n\t\t\t\t<div class=\"elementor-widget-container\">\n\t\t\t\t\t\r\n        <div id =\"exad-filterable-gallery-id-195d68b\" class=\"exad-gallery-items\">\r\n            <div class=\"exad-gallery-one exad-gallery-wrapper\">\r\n                                <div class=\"exad-gallery-menu\">\r\n                                                <button data-filter=\"*\" class=\"filter-item current\">Liste<\/button>\r\n                                            <\/div>\r\n                    \r\n                <div id=\"filters-195d68b\" class=\"exad-gallery-element\">\r\n                                        <div class=\"exad-gallery-item  exad-col-3\">\r\n                            <div class=\"exad-gallery-content-wrapper\">\r\n                                <div class=\"exad-gallery-image\">\r\n                                \r\n                                    <div class=\"exad-gallery-thumbnail-holder\" style=\"background-image: url('https:\/\/dgpe.gouv.ci\/fr\/wp-content\/uploads\/2023\/01\/aderiz.jpg');\"><\/div>\r\n                                        <div class=\"exad-gallery-item-overlay exad-zoom-in\">\r\n                                            <div class=\"exad-gallery-item-overlay-content\">\r\n                                                                                            <div class=\"exad-fg-icons\">\r\n                                                                                                        <a href=\"#\">\r\n                                                            <i aria-hidden=\"true\" class=\"fas fa-link\"><\/i>                                                        <\/a>\r\n                                                                                                    <\/div>\r\n                                                                                    <\/div>\r\n                                    <\/div>\r\n                                <\/div>\r\n                                <div class=\"exad-gallery-item-content below-image\"><h2>ADERIZ<\/h2><p>Agence pour le D\u00e9veloppement de la fili\u00e8re Riz<br><br><\/p><\/div>                            <\/div>\r\n                        <\/div>\r\n                                                <div class=\"exad-gallery-item  exad-col-3\">\r\n                            <div class=\"exad-gallery-content-wrapper\">\r\n                                <div class=\"exad-gallery-image\">\r\n                                \r\n                                    <div class=\"exad-gallery-thumbnail-holder\" style=\"background-image: url('https:\/\/dgpe.gouv.ci\/fr\/wp-content\/uploads\/2023\/01\/afor.jpg');\"><\/div>\r\n                                        <div class=\"exad-gallery-item-overlay exad-zoom-in\">\r\n                                            <div class=\"exad-gallery-item-overlay-content\">\r\n                                                                                            <div class=\"exad-fg-icons\">\r\n                                                                                                        <a href=\"#\">\r\n                                                            <i aria-hidden=\"true\" class=\"fas fa-link\"><\/i>                                                        <\/a>\r\n                                                                                                    <\/div>\r\n                                                                                    <\/div>\r\n                                    <\/div>\r\n                                <\/div>\r\n                                <div class=\"exad-gallery-item-content below-image\"><h2>AFOR<\/h2><p>Agence Fonci\u00e8re Rurale<br><br><\/p><\/div>                            <\/div>\r\n                        <\/div>\r\n                                                <div class=\"exad-gallery-item  exad-col-3\">\r\n                            <div class=\"exad-gallery-content-wrapper\">\r\n                                <div class=\"exad-gallery-image\">\r\n                                \r\n                                    <div class=\"exad-gallery-thumbnail-holder\" style=\"background-image: url('https:\/\/dgpe.gouv.ci\/fr\/wp-content\/uploads\/2025\/03\/lanssi-cote_divoire.jpg');\"><\/div>\r\n                                        <div class=\"exad-gallery-item-overlay exad-zoom-in\">\r\n                                            <div class=\"exad-gallery-item-overlay-content\">\r\n                                                                                            <div class=\"exad-fg-icons\">\r\n                                                                                                        <a href=\"#\">\r\n                                                            <i aria-hidden=\"true\" class=\"fas fa-link\"><\/i>                                                        <\/a>\r\n                                                                                                    <\/div>\r\n                                                                                    <\/div>\r\n                                    <\/div>\r\n                                <\/div>\r\n                                <div class=\"exad-gallery-item-content below-image\"><h2>ANSSI<\/h2><p>Agence nationale de la s\u00e9curit\u00e9 des syst\u00e8mes d'information<br><br><\/p><\/div>                            <\/div>\r\n                        <\/div>\r\n                                                <div class=\"exad-gallery-item  exad-col-3\">\r\n                            <div class=\"exad-gallery-content-wrapper\">\r\n                                <div class=\"exad-gallery-image\">\r\n                                \r\n                                    <div class=\"exad-gallery-thumbnail-holder\" style=\"background-image: url('https:\/\/dgpe.gouv.ci\/fr\/wp-content\/uploads\/2025\/03\/logo_anstat.png');\"><\/div>\r\n                                        <div class=\"exad-gallery-item-overlay exad-zoom-in\">\r\n                                            <div class=\"exad-gallery-item-overlay-content\">\r\n                                                                                            <div class=\"exad-fg-icons\">\r\n                                                                                                        <a href=\"#\">\r\n                                                            <i aria-hidden=\"true\" class=\"fas fa-link\"><\/i>                                                        <\/a>\r\n                                                                                                    <\/div>\r\n                                                                                    <\/div>\r\n                                    <\/div>\r\n                                <\/div>\r\n                                <div class=\"exad-gallery-item-content below-image\"><h2>ANStat<\/h2><p>Agence Nationale de la Statistique<br><br><\/p><\/div>                            <\/div>\r\n                        <\/div>\r\n                                                <div class=\"exad-gallery-item  exad-col-3\">\r\n                            <div class=\"exad-gallery-content-wrapper\">\r\n                                <div class=\"exad-gallery-image\">\r\n                                \r\n                                    <div class=\"exad-gallery-thumbnail-holder\" style=\"background-image: url('https:\/\/dgpe.gouv.ci\/fr\/wp-content\/uploads\/2023\/04\/ci-export.jpg');\"><\/div>\r\n                                        <div class=\"exad-gallery-item-overlay exad-zoom-in\">\r\n                                            <div class=\"exad-gallery-item-overlay-content\">\r\n                                                                                            <div class=\"exad-fg-icons\">\r\n                                                                                                        <a href=\"#\">\r\n                                                            <i aria-hidden=\"true\" class=\"fas fa-link\"><\/i>                                                        <\/a>\r\n                                                                                                    <\/div>\r\n                                                                                    <\/div>\r\n                                    <\/div>\r\n                                <\/div>\r\n                                <div class=\"exad-gallery-item-content below-image\"><h2>CI EXPORT<\/h2><p>C\u00f4te d'Ivoire EXPORT<br><br><\/p><\/div>                            <\/div>\r\n                        <\/div>\r\n                                                <div class=\"exad-gallery-item  exad-col-3\">\r\n                            <div class=\"exad-gallery-content-wrapper\">\r\n                                <div class=\"exad-gallery-image\">\r\n                                \r\n                                    <div class=\"exad-gallery-thumbnail-holder\" style=\"background-image: url('https:\/\/dgpe.gouv.ci\/fr\/wp-content\/uploads\/2023\/01\/oneci.jpg');\"><\/div>\r\n                                        <div class=\"exad-gallery-item-overlay exad-zoom-in\">\r\n                                            <div class=\"exad-gallery-item-overlay-content\">\r\n                                                                                            <div class=\"exad-fg-icons\">\r\n                                                                                                        <a href=\"#\">\r\n                                                            <i aria-hidden=\"true\" class=\"fas fa-link\"><\/i>                                                        <\/a>\r\n                                                                                                    <\/div>\r\n                                                                                    <\/div>\r\n                                    <\/div>\r\n                                <\/div>\r\n                                <div class=\"exad-gallery-item-content below-image\"><h2>ONECI<\/h2><p>Office National de l'Etat Civil et de l'Identification<br><br><\/p><\/div>                            <\/div>\r\n                        <\/div>\r\n                                        <\/div>\r\n            <\/div>\r\n        <\/div>\r\n        \t\t\t\t<\/div>\n\t\t\t\t<\/div>\n\t\t\t\t\t<\/div>\n\t\t<\/div>\n\t\t\t\t\t<\/div>\n\t\t<\/section>\n\t\t\t\t<\/div>\n\t\t","protected":false},"excerpt":{"rendered":"<p>C\u00f4te d&rsquo;Ivoire Agences Liste ADERIZ Agence pour le D\u00e9veloppement de la fili\u00e8re Riz AFOR Agence Fonci\u00e8re Rurale ANSSI Agence nationale de la s\u00e9curit\u00e9 des syst\u00e8mes d&rsquo;information ANStat Agence Nationale de la Statistique CI EXPORT C\u00f4te d&rsquo;Ivoire EXPORT ONECI Office National de l&rsquo;Etat Civil et de l&rsquo;Identification<\/p>\n","protected":false},"author":1,"featured_media":0,"parent":0,"menu_order":0,"comment_status":"closed","ping_status":"closed","template":"elementor_header_footer","meta":{"footnotes":""},"class_list":["post-9416","page","type-page","status-publish","hentry"],"_links":{"self":[{"href":"https:\/\/dgpe.gouv.ci\/fr\/wp-json\/wp\/v2\/pages\/9416","targetHints":{"allow":["GET"]}}],"collection":[{"href":"https:\/\/dgpe.gouv.ci\/fr\/wp-json\/wp\/v2\/pages"}],"about":[{"href":"https:\/\/dgpe.gouv.ci\/fr\/wp-json\/wp\/v2\/types\/page"}],"author":[{"embeddable":true,"href":"https:\/\/dgpe.gouv.ci\/fr\/wp-json\/wp\/v2\/users\/1"}],"replies":[{"embeddable":true,"href":"https:\/\/dgpe.gouv.ci\/fr\/wp-json\/wp\/v2\/comments?post=9416"}],"version-history":[{"count":0,"href":"https:\/\/dgpe.gouv.ci\/fr\/wp-json\/wp\/v2\/pages\/9416\/revisions"}],"wp:attachment":[{"href":"https:\/\/dgpe.gouv.ci\/fr\/wp-json\/wp\/v2\/media?parent=9416"}],"curies":[{"name":"wp","href":"https:\/\/api.w.org\/{rel}","templated":true}]}}